{"id":699,"date":"2021-07-11T12:35:16","date_gmt":"2021-07-11T12:35:16","guid":{"rendered":"https:\/\/ltsm.education\/?page_id=699"},"modified":"2023-08-17T07:01:59","modified_gmt":"2023-08-17T07:01:59","slug":"accueille","status":"publish","type":"page","link":"https:\/\/ltsm.education\/","title":{"rendered":"Acceuil"},"content":{"rendered":"\t\t<div data-elementor-type=\"wp-page\" data-elementor-id=\"699\" class=\"elementor elementor-699\" data-elementor-settings=\"[]\">\n\t\t\t\t\t\t<div class=\"elementor-inner\">\n\t\t\t\t\t\t\t<div class=\"elementor-section-wrap\">\n\t\t\t\t\t\t\t<section class=\"elementor-section elementor-top-section elementor-element elementor-element-43cd02bf elementor-section-full_width elementor-section-stretched elementor-section-height-default elementor-section-height-default\" data-id=\"43cd02bf\" data-element_type=\"section\" data-settings=\"{&quot;stretch_section&quot;:&quot;section-stretched&quot;}\">\n\t\t\t\t\t\t<div class=\"elementor-container elementor-column-gap-default\">\n\t\t\t\t\t\t\t<div class=\"elementor-row\">\n\t\t\t\t\t<div class=\"elementor-column elementor-col-100 elementor-top-column elementor-element elementor-element-5cf35117\" data-id=\"5cf35117\" data-element_type=\"column\">\n\t\t\t<div class=\"elementor-column-wrap elementor-element-populated\">\n\t\t\t\t\t\t\t<div class=\"elementor-widget-wrap\">\n\t\t\t\t\t\t<div class=\"elementor-element elementor-element-1a5300c elementor-align-center elementor-widget elementor-widget-bdevs-slider\" data-id=\"1a5300c\" data-element_type=\"widget\" data-widget_type=\"bdevs-slider.default\">\n\t\t\t\t<div class=\"elementor-widget-container\">\n\t\t\t\t\t\t\t<!-- slider area start -->\r\n\t\t<section class=\"slider-area\">\r\n\t\t    <div class=\"slider-active\">\r\n\t\t    \t\t\t\t\t\t\t\t      <!-- single slider -->\r\n\t\t      <div class=\"single-slider\" style=\"background-image: url(https:\/\/ltsm.education\/wp-content\/uploads\/2021\/07\/11.jpg);\">\r\n\t\t        <div class=\"container\">\r\n\t\t          <div class=\"row justify-content-center\">\r\n\t\t            <div class=\"col-xl-8 col-lg-10\">\r\n\t\t              <div class=\"slider-content text-center\">\r\n\t\t              \t\t\t                <h1 data-animation=\"fadeInDown\" data-delay=\".8s\">Lyc\u00e9e technique Sainte Marie<\/h1>\r\n\t\t                \t\t                \t\t                \t\t              <\/div>\r\n\t\t            <\/div>\r\n\t\t          <\/div>\r\n\t\t        <\/div>\r\n\t\t      <\/div>\r\n\t\t      <!-- single slider end -->\r\n\t\t    \t\t    <\/div>\r\n\t\t<\/section>\r\n\t\t<!-- slider area end -->\r\n\t    \t\t\t<\/div>\n\t\t\t\t<\/div>\n\t\t\t\t\t\t<\/div>\n\t\t\t\t\t<\/div>\n\t\t<\/div>\n\t\t\t\t\t\t\t\t<\/div>\n\t\t\t\t\t<\/div>\n\t\t<\/section>\n\t\t\t\t<section class=\"elementor-section elementor-top-section elementor-element elementor-element-d41502c elementor-section-boxed elementor-section-height-default elementor-section-height-default\" data-id=\"d41502c\" data-element_type=\"section\">\n\t\t\t\t\t\t<div class=\"elementor-container elementor-column-gap-default\">\n\t\t\t\t\t\t\t<div class=\"elementor-row\">\n\t\t\t\t\t<div class=\"elementor-column elementor-col-100 elementor-top-column elementor-element elementor-element-5a8257c\" data-id=\"5a8257c\" data-element_type=\"column\">\n\t\t\t<div class=\"elementor-column-wrap elementor-element-populated\">\n\t\t\t\t\t\t\t<div class=\"elementor-widget-wrap\">\n\t\t\t\t\t\t<div class=\"elementor-element elementor-element-32cf057 elementor-aspect-ratio-169 elementor-widget elementor-widget-video\" data-id=\"32cf057\" data-element_type=\"widget\" data-settings=\"{&quot;youtube_url&quot;:&quot;https:\\\/\\\/youtu.be\\\/x64KZ5g8PYw&quot;,&quot;video_type&quot;:&quot;youtube&quot;,&quot;controls&quot;:&quot;yes&quot;,&quot;aspect_ratio&quot;:&quot;169&quot;}\" data-widget_type=\"video.default\">\n\t\t\t\t<div class=\"elementor-widget-container\">\n\t\t\t\t\t<div class=\"elementor-wrapper elementor-fit-aspect-ratio elementor-open-inline\">\n\t\t\t<div class=\"elementor-video\"><\/div>\t\t<\/div>\n\t\t\t\t<\/div>\n\t\t\t\t<\/div>\n\t\t\t\t\t\t<\/div>\n\t\t\t\t\t<\/div>\n\t\t<\/div>\n\t\t\t\t\t\t\t\t<\/div>\n\t\t\t\t\t<\/div>\n\t\t<\/section>\n\t\t\t\t<section class=\"elementor-section elementor-top-section elementor-element elementor-element-e507048 elementor-section-boxed elementor-section-height-default elementor-section-height-default\" data-id=\"e507048\" data-element_type=\"section\">\n\t\t\t\t\t\t<div class=\"elementor-container elementor-column-gap-default\">\n\t\t\t\t\t\t\t<div class=\"elementor-row\">\n\t\t\t\t\t<div class=\"elementor-column elementor-col-100 elementor-top-column elementor-element elementor-element-ddcb368\" data-id=\"ddcb368\" data-element_type=\"column\">\n\t\t\t<div class=\"elementor-column-wrap elementor-element-populated\">\n\t\t\t\t\t\t\t<div class=\"elementor-widget-wrap\">\n\t\t\t\t\t\t<div class=\"elementor-element elementor-element-a10da73 elementor-widget elementor-widget-spacer\" data-id=\"a10da73\" data-element_type=\"widget\" data-widget_type=\"spacer.default\">\n\t\t\t\t<div class=\"elementor-widget-container\">\n\t\t\t\t\t<div class=\"elementor-spacer\">\n\t\t\t<div class=\"elementor-spacer-inner\"><\/div>\n\t\t<\/div>\n\t\t\t\t<\/div>\n\t\t\t\t<\/div>\n\t\t\t\t\t\t<\/div>\n\t\t\t\t\t<\/div>\n\t\t<\/div>\n\t\t\t\t\t\t\t\t<\/div>\n\t\t\t\t\t<\/div>\n\t\t<\/section>\n\t\t\t\t<section class=\"elementor-section elementor-top-section elementor-element elementor-element-0a36753 elementor-section-boxed elementor-section-height-default elementor-section-height-default\" data-id=\"0a36753\" data-element_type=\"section\">\n\t\t\t\t\t\t<div class=\"elementor-container elementor-column-gap-default\">\n\t\t\t\t\t\t\t<div class=\"elementor-row\">\n\t\t\t\t\t<div class=\"elementor-column elementor-col-100 elementor-top-column elementor-element elementor-element-db56d12\" data-id=\"db56d12\" data-element_type=\"column\">\n\t\t\t<div class=\"elementor-column-wrap elementor-element-populated\">\n\t\t\t\t\t\t\t<div class=\"elementor-widget-wrap\">\n\t\t\t\t\t\t<div class=\"elementor-element elementor-element-7f76e35 elementor-widget elementor-widget-heading\" data-id=\"7f76e35\" data-element_type=\"widget\" data-widget_type=\"heading.default\">\n\t\t\t\t<div class=\"elementor-widget-container\">\n\t\t\t<h2 class=\"elementor-heading-title elementor-size-default\">Nous Fournissons 3 Sections<\/h2>\t\t<\/div>\n\t\t\t\t<\/div>\n\t\t\t\t<div class=\"elementor-element elementor-element-caa0113 elementor-widget elementor-widget-spacer\" data-id=\"caa0113\" data-element_type=\"widget\" data-widget_type=\"spacer.default\">\n\t\t\t\t<div class=\"elementor-widget-container\">\n\t\t\t\t\t<div class=\"elementor-spacer\">\n\t\t\t<div class=\"elementor-spacer-inner\"><\/div>\n\t\t<\/div>\n\t\t\t\t<\/div>\n\t\t\t\t<\/div>\n\t\t\t\t\t\t<\/div>\n\t\t\t\t\t<\/div>\n\t\t<\/div>\n\t\t\t\t\t\t\t\t<\/div>\n\t\t\t\t\t<\/div>\n\t\t<\/section>\n\t\t\t\t<section class=\"elementor-section elementor-top-section elementor-element elementor-element-97f7f3d elementor-section-boxed elementor-section-height-default elementor-section-height-default\" data-id=\"97f7f3d\" data-element_type=\"section\">\n\t\t\t\t\t\t<div class=\"elementor-container elementor-column-gap-narrow\">\n\t\t\t\t\t\t\t<div class=\"elementor-row\">\n\t\t\t\t\t<div class=\"elementor-column elementor-col-33 elementor-top-column elementor-element elementor-element-d55e0bc\" data-id=\"d55e0bc\" data-element_type=\"column\">\n\t\t\t<div class=\"elementor-column-wrap elementor-element-populated\">\n\t\t\t\t\t\t\t<div class=\"elementor-widget-wrap\">\n\t\t\t\t\t\t<div class=\"elementor-element elementor-element-731ffb9 elementor-widget elementor-widget-image\" data-id=\"731ffb9\" data-element_type=\"widget\" data-widget_type=\"image.default\">\n\t\t\t\t<div class=\"elementor-widget-container\">\n\t\t\t\t\t\t\t\t<div class=\"elementor-image\">\n\t\t\t\t\t\t\t\t\t\t\t\t\t<a href=\"https:\/\/ltsm.education\/?page_id=781\">\n\t\t\t\t\t\t\t<img loading=\"lazy\" decoding=\"async\" width=\"1280\" height=\"886\" src=\"https:\/\/ltsm.education\/wp-content\/uploads\/2021\/07\/1071592702272y5qgqaf3ltp2tze6aoyk3iv6epstzmojpxrtw0gpoln7mxm8iefkxsudncgqr65cnmblaxih5nx9tvm8gkk8mbxfkrzj2vv55ixd.jpg\" class=\"attachment-full size-full\" alt=\"\" srcset=\"https:\/\/ltsm.education\/wp-content\/uploads\/2021\/07\/1071592702272y5qgqaf3ltp2tze6aoyk3iv6epstzmojpxrtw0gpoln7mxm8iefkxsudncgqr65cnmblaxih5nx9tvm8gkk8mbxfkrzj2vv55ixd.jpg 1280w, https:\/\/ltsm.education\/wp-content\/uploads\/2021\/07\/1071592702272y5qgqaf3ltp2tze6aoyk3iv6epstzmojpxrtw0gpoln7mxm8iefkxsudncgqr65cnmblaxih5nx9tvm8gkk8mbxfkrzj2vv55ixd-300x208.jpg 300w, https:\/\/ltsm.education\/wp-content\/uploads\/2021\/07\/1071592702272y5qgqaf3ltp2tze6aoyk3iv6epstzmojpxrtw0gpoln7mxm8iefkxsudncgqr65cnmblaxih5nx9tvm8gkk8mbxfkrzj2vv55ixd-1024x709.jpg 1024w, https:\/\/ltsm.education\/wp-content\/uploads\/2021\/07\/1071592702272y5qgqaf3ltp2tze6aoyk3iv6epstzmojpxrtw0gpoln7mxm8iefkxsudncgqr65cnmblaxih5nx9tvm8gkk8mbxfkrzj2vv55ixd-768x532.jpg 768w\" sizes=\"auto, (max-width: 1280px) 100vw, 1280px\" \/>\t\t\t\t\t\t\t\t<\/a>\n\t\t\t\t\t\t\t\t\t\t\t\t\t\t<\/div>\n\t\t\t\t\t\t<\/div>\n\t\t\t\t<\/div>\n\t\t\t\t<div class=\"elementor-element elementor-element-4995c88 elementor-widget elementor-widget-heading\" data-id=\"4995c88\" data-element_type=\"widget\" data-widget_type=\"heading.default\">\n\t\t\t\t<div class=\"elementor-widget-container\">\n\t\t\t<h3 class=\"elementor-heading-title elementor-size-default\"><a href=\"https:\/\/ltsm.education\/?page_id=781\">Informatique de Gestion <\/a><\/h3>\t\t<\/div>\n\t\t\t\t<\/div>\n\t\t\t\t\t\t<\/div>\n\t\t\t\t\t<\/div>\n\t\t<\/div>\n\t\t\t\t<div class=\"elementor-column elementor-col-33 elementor-top-column elementor-element elementor-element-794d1c7\" data-id=\"794d1c7\" data-element_type=\"column\">\n\t\t\t<div class=\"elementor-column-wrap elementor-element-populated\">\n\t\t\t\t\t\t\t<div class=\"elementor-widget-wrap\">\n\t\t\t\t\t\t<div class=\"elementor-element elementor-element-2f9800b elementor-widget elementor-widget-image\" data-id=\"2f9800b\" data-element_type=\"widget\" data-widget_type=\"image.default\">\n\t\t\t\t<div class=\"elementor-widget-container\">\n\t\t\t\t\t\t\t\t<div class=\"elementor-image\">\n\t\t\t\t\t\t\t\t\t\t\t\t\t<a href=\"https:\/\/ltsm.education\/?page_id=786\">\n\t\t\t\t\t\t\t<img loading=\"lazy\" decoding=\"async\" width=\"1280\" height=\"854\" src=\"https:\/\/ltsm.education\/wp-content\/uploads\/2021\/07\/28031608806818lfetiduthgcno8th48h7ryqfzgsrbd5tdhd3zjipwqo0rueu3v2vs4ovxfoe9nzeqptkvermmrjiagaqcwbggpbmakufwqou9bje.jpg\" class=\"attachment-full size-full\" alt=\"\" srcset=\"https:\/\/ltsm.education\/wp-content\/uploads\/2021\/07\/28031608806818lfetiduthgcno8th48h7ryqfzgsrbd5tdhd3zjipwqo0rueu3v2vs4ovxfoe9nzeqptkvermmrjiagaqcwbggpbmakufwqou9bje.jpg 1280w, https:\/\/ltsm.education\/wp-content\/uploads\/2021\/07\/28031608806818lfetiduthgcno8th48h7ryqfzgsrbd5tdhd3zjipwqo0rueu3v2vs4ovxfoe9nzeqptkvermmrjiagaqcwbggpbmakufwqou9bje-300x200.jpg 300w, https:\/\/ltsm.education\/wp-content\/uploads\/2021\/07\/28031608806818lfetiduthgcno8th48h7ryqfzgsrbd5tdhd3zjipwqo0rueu3v2vs4ovxfoe9nzeqptkvermmrjiagaqcwbggpbmakufwqou9bje-1024x683.jpg 1024w, https:\/\/ltsm.education\/wp-content\/uploads\/2021\/07\/28031608806818lfetiduthgcno8th48h7ryqfzgsrbd5tdhd3zjipwqo0rueu3v2vs4ovxfoe9nzeqptkvermmrjiagaqcwbggpbmakufwqou9bje-768x512.jpg 768w\" sizes=\"auto, (max-width: 1280px) 100vw, 1280px\" \/>\t\t\t\t\t\t\t\t<\/a>\n\t\t\t\t\t\t\t\t\t\t\t\t\t\t<\/div>\n\t\t\t\t\t\t<\/div>\n\t\t\t\t<\/div>\n\t\t\t\t<div class=\"elementor-element elementor-element-f0bf1cc elementor-widget elementor-widget-heading\" data-id=\"f0bf1cc\" data-element_type=\"widget\" data-widget_type=\"heading.default\">\n\t\t\t\t<div class=\"elementor-widget-container\">\n\t\t\t<h3 class=\"elementor-heading-title elementor-size-default\"><a href=\"https:\/\/ltsm.education\/?page_id=786\">Informatique de T\u00e9l\u00e9communication<\/a><\/h3>\t\t<\/div>\n\t\t\t\t<\/div>\n\t\t\t\t\t\t<\/div>\n\t\t\t\t\t<\/div>\n\t\t<\/div>\n\t\t\t\t<div class=\"elementor-column elementor-col-33 elementor-top-column elementor-element elementor-element-a3df51a\" data-id=\"a3df51a\" data-element_type=\"column\">\n\t\t\t<div class=\"elementor-column-wrap elementor-element-populated\">\n\t\t\t\t\t\t\t<div class=\"elementor-widget-wrap\">\n\t\t\t\t\t\t<div class=\"elementor-element elementor-element-a064703 elementor-widget elementor-widget-image\" data-id=\"a064703\" data-element_type=\"widget\" data-widget_type=\"image.default\">\n\t\t\t\t<div class=\"elementor-widget-container\">\n\t\t\t\t\t\t\t\t<div class=\"elementor-image\">\n\t\t\t\t\t\t\t\t\t\t\t\t\t<a href=\"https:\/\/ltsm.education\/?page_id=744\">\n\t\t\t\t\t\t\t<img loading=\"lazy\" decoding=\"async\" width=\"2560\" height=\"1709\" src=\"https:\/\/ltsm.education\/wp-content\/uploads\/2021\/07\/technician-repairing-computer-motherboard-with-screwdriver-scaled.jpg\" class=\"attachment-full size-full\" alt=\"\" srcset=\"https:\/\/ltsm.education\/wp-content\/uploads\/2021\/07\/technician-repairing-computer-motherboard-with-screwdriver-scaled.jpg 2560w, https:\/\/ltsm.education\/wp-content\/uploads\/2021\/07\/technician-repairing-computer-motherboard-with-screwdriver-300x200.jpg 300w, https:\/\/ltsm.education\/wp-content\/uploads\/2021\/07\/technician-repairing-computer-motherboard-with-screwdriver-1024x683.jpg 1024w, https:\/\/ltsm.education\/wp-content\/uploads\/2021\/07\/technician-repairing-computer-motherboard-with-screwdriver-768x513.jpg 768w, https:\/\/ltsm.education\/wp-content\/uploads\/2021\/07\/technician-repairing-computer-motherboard-with-screwdriver-1536x1025.jpg 1536w, https:\/\/ltsm.education\/wp-content\/uploads\/2021\/07\/technician-repairing-computer-motherboard-with-screwdriver-2048x1367.jpg 2048w\" sizes=\"auto, (max-width: 2560px) 100vw, 2560px\" \/>\t\t\t\t\t\t\t\t<\/a>\n\t\t\t\t\t\t\t\t\t\t\t\t\t\t<\/div>\n\t\t\t\t\t\t<\/div>\n\t\t\t\t<\/div>\n\t\t\t\t<div class=\"elementor-element elementor-element-e203e63 elementor-widget elementor-widget-heading\" data-id=\"e203e63\" data-element_type=\"widget\" data-widget_type=\"heading.default\">\n\t\t\t\t<div class=\"elementor-widget-container\">\n\t\t\t<h3 class=\"elementor-heading-title elementor-size-default\"><a href=\"https:\/\/ltsm.education\/?page_id=744\">Informatique De Maintenance<\/a><\/h3>\t\t<\/div>\n\t\t\t\t<\/div>\n\t\t\t\t\t\t<\/div>\n\t\t\t\t\t<\/div>\n\t\t<\/div>\n\t\t\t\t\t\t\t\t<\/div>\n\t\t\t\t\t<\/div>\n\t\t<\/section>\n\t\t\t\t<section class=\"elementor-section elementor-top-section elementor-element elementor-element-5effedd elementor-section-boxed elementor-section-height-default elementor-section-height-default\" data-id=\"5effedd\" data-element_type=\"section\">\n\t\t\t\t\t\t<div class=\"elementor-container elementor-column-gap-default\">\n\t\t\t\t\t\t\t<div class=\"elementor-row\">\n\t\t\t\t\t<div class=\"elementor-column elementor-col-100 elementor-top-column elementor-element elementor-element-34937b5\" data-id=\"34937b5\" data-element_type=\"column\">\n\t\t\t<div class=\"elementor-column-wrap elementor-element-populated\">\n\t\t\t\t\t\t\t<div class=\"elementor-widget-wrap\">\n\t\t\t\t\t\t<div class=\"elementor-element elementor-element-68458c0 elementor-widget elementor-widget-spacer\" data-id=\"68458c0\" data-element_type=\"widget\" data-widget_type=\"spacer.default\">\n\t\t\t\t<div class=\"elementor-widget-container\">\n\t\t\t\t\t<div class=\"elementor-spacer\">\n\t\t\t<div class=\"elementor-spacer-inner\"><\/div>\n\t\t<\/div>\n\t\t\t\t<\/div>\n\t\t\t\t<\/div>\n\t\t\t\t\t\t<\/div>\n\t\t\t\t\t<\/div>\n\t\t<\/div>\n\t\t\t\t\t\t\t\t<\/div>\n\t\t\t\t\t<\/div>\n\t\t<\/section>\n\t\t\t\t\t\t<\/div>\n\t\t\t\t\t\t<\/div>\n\t\t\t\t\t<\/div>\n\t\t","protected":false},"excerpt":{"rendered":"<p>Lyc\u00e9e technique Sainte Marie Nous Fournissons 3 Sections Informatique de Gestion Informatique de T\u00e9l\u00e9communication Informatique De Maintenance<\/p>\n","protected":false},"author":1,"featured_media":0,"parent":0,"menu_order":0,"comment_status":"closed","ping_status":"closed","template":"elementor_header_footer","meta":{"footnotes":""},"class_list":["post-699","page","type-page","status-publish","hentry"],"_links":{"self":[{"href":"https:\/\/ltsm.education\/index.php?rest_route=\/wp\/v2\/pages\/699","targetHints":{"allow":["GET"]}}],"collection":[{"href":"https:\/\/ltsm.education\/index.php?rest_route=\/wp\/v2\/pages"}],"about":[{"href":"https:\/\/ltsm.education\/index.php?rest_route=\/wp\/v2\/types\/page"}],"author":[{"embeddable":true,"href":"https:\/\/ltsm.education\/index.php?rest_route=\/wp\/v2\/users\/1"}],"replies":[{"embeddable":true,"href":"https:\/\/ltsm.education\/index.php?rest_route=%2Fwp%2Fv2%2Fcomments&post=699"}],"version-history":[{"count":50,"href":"https:\/\/ltsm.education\/index.php?rest_route=\/wp\/v2\/pages\/699\/revisions"}],"predecessor-version":[{"id":1452,"href":"https:\/\/ltsm.education\/index.php?rest_route=\/wp\/v2\/pages\/699\/revisions\/1452"}],"wp:attachment":[{"href":"https:\/\/ltsm.education\/index.php?rest_route=%2Fwp%2Fv2%2Fmedia&parent=699"}],"curies":[{"name":"wp","href":"https:\/\/api.w.org\/{rel}","templated":true}]}}