{"id":744,"date":"2021-07-12T10:56:30","date_gmt":"2021-07-12T10:56:30","guid":{"rendered":"https:\/\/ltsm.education\/?page_id=744"},"modified":"2021-07-23T20:36:36","modified_gmt":"2021-07-23T20:36:36","slug":"informatique-de-maintenance","status":"publish","type":"page","link":"https:\/\/ltsm.education\/?page_id=744","title":{"rendered":"Informatique de maintenance"},"content":{"rendered":"\t\t<div data-elementor-type=\"wp-page\" data-elementor-id=\"744\" class=\"elementor elementor-744\" data-elementor-settings=\"[]\">\n\t\t\t\t\t\t<div class=\"elementor-inner\">\n\t\t\t\t\t\t\t<div class=\"elementor-section-wrap\">\n\t\t\t\t\t\t\t<section class=\"elementor-section elementor-top-section elementor-element elementor-element-8947e5d elementor-section-boxed elementor-section-height-default elementor-section-height-default\" data-id=\"8947e5d\" data-element_type=\"section\" data-settings=\"{&quot;background_background&quot;:&quot;classic&quot;}\">\n\t\t\t\t\t\t<div class=\"elementor-container elementor-column-gap-default\">\n\t\t\t\t\t\t\t<div class=\"elementor-row\">\n\t\t\t\t\t<div class=\"elementor-column elementor-col-100 elementor-top-column elementor-element elementor-element-b27fd3d\" data-id=\"b27fd3d\" data-element_type=\"column\">\n\t\t\t<div class=\"elementor-column-wrap elementor-element-populated\">\n\t\t\t\t\t\t\t<div class=\"elementor-widget-wrap\">\n\t\t\t\t\t\t<div class=\"elementor-element elementor-element-95a3532 elementor-widget elementor-widget-heading\" data-id=\"95a3532\" data-element_type=\"widget\" data-widget_type=\"heading.default\">\n\t\t\t\t<div class=\"elementor-widget-container\">\n\t\t\t<h3 class=\"elementor-heading-title elementor-size-default\">Informatique de maintenance<\/h3>\t\t<\/div>\n\t\t\t\t<\/div>\n\t\t\t\t\t\t<\/div>\n\t\t\t\t\t<\/div>\n\t\t<\/div>\n\t\t\t\t\t\t\t\t<\/div>\n\t\t\t\t\t<\/div>\n\t\t<\/section>\n\t\t\t\t<section class=\"elementor-section elementor-top-section elementor-element elementor-element-468afe3 elementor-section-boxed elementor-section-height-default elementor-section-height-default\" data-id=\"468afe3\" data-element_type=\"section\">\n\t\t\t\t\t\t<div class=\"elementor-container elementor-column-gap-wide\">\n\t\t\t\t\t\t\t<div class=\"elementor-row\">\n\t\t\t\t\t<div class=\"elementor-column elementor-col-50 elementor-top-column elementor-element elementor-element-8a41988\" data-id=\"8a41988\" data-element_type=\"column\">\n\t\t\t<div class=\"elementor-column-wrap elementor-element-populated\">\n\t\t\t\t\t\t\t<div class=\"elementor-widget-wrap\">\n\t\t\t\t\t\t<div class=\"elementor-element elementor-element-fee8f17 elementor-widget elementor-widget-heading\" data-id=\"fee8f17\" data-element_type=\"widget\" data-widget_type=\"heading.default\">\n\t\t\t\t<div class=\"elementor-widget-container\">\n\t\t\t<h3 class=\"elementor-heading-title elementor-size-default\">L\u2019informatique de maintenance  est le domaine de d\u00e9pannage, d'entretien et d'installation d'\u00e9quipements ou de parcs des \u00e9quipements informatiques ou bureautiques (mat\u00e9riels, logiciels, r\u00e9seaux,...), selon les r\u00e8gles de s\u00e9curit\u00e9 et la r\u00e9glementation.\nL\u2019informatique de maintenance  appara\u00eet comme une branche  de l\u2019informatique qui s\u2019occupe  du d\u00e9pannage, de l'entretien et de l'installation d'\u00e9quipements ou de parcs d'\u00e9quipements informatiques ou bureautiques (mat\u00e9riels, logiciels, r\u00e9seaux, ..)\nLe technicien A2 en informatique de  maintenance Peut assembler ou int\u00e9grer un \u00e9quipement (configurations standards ou sp\u00e9cifiques...) et coordonner une \u00e9quipe.\n<\/h3>\t\t<\/div>\n\t\t\t\t<\/div>\n\t\t\t\t\t\t<\/div>\n\t\t\t\t\t<\/div>\n\t\t<\/div>\n\t\t\t\t<div class=\"elementor-column elementor-col-50 elementor-top-column elementor-element elementor-element-8aa0f83\" data-id=\"8aa0f83\" data-element_type=\"column\">\n\t\t\t<div class=\"elementor-column-wrap elementor-element-populated\">\n\t\t\t\t\t\t\t<div class=\"elementor-widget-wrap\">\n\t\t\t\t\t\t<div class=\"elementor-element elementor-element-053c863 elementor-widget elementor-widget-image\" data-id=\"053c863\" data-element_type=\"widget\" data-widget_type=\"image.default\">\n\t\t\t\t<div class=\"elementor-widget-container\">\n\t\t\t\t\t\t\t\t<div class=\"elementor-image\">\n\t\t\t\t\t\t\t\t\t\t\t\t<img loading=\"lazy\" decoding=\"async\" width=\"2560\" height=\"1709\" src=\"https:\/\/ltsm.education\/wp-content\/uploads\/2021\/07\/technician-repairing-computer-computer-hardware-repairing-upgrade-technology-scaled.jpg\" class=\"attachment-full size-full\" alt=\"\" srcset=\"https:\/\/ltsm.education\/wp-content\/uploads\/2021\/07\/technician-repairing-computer-computer-hardware-repairing-upgrade-technology-scaled.jpg 2560w, https:\/\/ltsm.education\/wp-content\/uploads\/2021\/07\/technician-repairing-computer-computer-hardware-repairing-upgrade-technology-300x200.jpg 300w, https:\/\/ltsm.education\/wp-content\/uploads\/2021\/07\/technician-repairing-computer-computer-hardware-repairing-upgrade-technology-1024x683.jpg 1024w, https:\/\/ltsm.education\/wp-content\/uploads\/2021\/07\/technician-repairing-computer-computer-hardware-repairing-upgrade-technology-768x513.jpg 768w, https:\/\/ltsm.education\/wp-content\/uploads\/2021\/07\/technician-repairing-computer-computer-hardware-repairing-upgrade-technology-1536x1025.jpg 1536w, https:\/\/ltsm.education\/wp-content\/uploads\/2021\/07\/technician-repairing-computer-computer-hardware-repairing-upgrade-technology-2048x1367.jpg 2048w\" sizes=\"auto, (max-width: 2560px) 100vw, 2560px\" \/>\t\t\t\t\t\t\t\t\t\t\t\t\t\t<\/div>\n\t\t\t\t\t\t<\/div>\n\t\t\t\t<\/div>\n\t\t\t\t\t\t<\/div>\n\t\t\t\t\t<\/div>\n\t\t<\/div>\n\t\t\t\t\t\t\t\t<\/div>\n\t\t\t\t\t<\/div>\n\t\t<\/section>\n\t\t\t\t<section class=\"elementor-section elementor-top-section elementor-element elementor-element-a0bcd4a elementor-section-boxed elementor-section-height-default elementor-section-height-default\" data-id=\"a0bcd4a\" data-element_type=\"section\">\n\t\t\t\t\t\t<div class=\"elementor-container elementor-column-gap-default\">\n\t\t\t\t\t\t\t<div class=\"elementor-row\">\n\t\t\t\t\t<div class=\"elementor-column elementor-col-100 elementor-top-column elementor-element elementor-element-9333a92\" data-id=\"9333a92\" data-element_type=\"column\">\n\t\t\t<div class=\"elementor-column-wrap elementor-element-populated\">\n\t\t\t\t\t\t\t<div class=\"elementor-widget-wrap\">\n\t\t\t\t\t\t<div class=\"elementor-element elementor-element-3dc19c1 elementor-widget elementor-widget-spacer\" data-id=\"3dc19c1\" data-element_type=\"widget\" data-widget_type=\"spacer.default\">\n\t\t\t\t<div class=\"elementor-widget-container\">\n\t\t\t\t\t<div class=\"elementor-spacer\">\n\t\t\t<div class=\"elementor-spacer-inner\"><\/div>\n\t\t<\/div>\n\t\t\t\t<\/div>\n\t\t\t\t<\/div>\n\t\t\t\t\t\t<\/div>\n\t\t\t\t\t<\/div>\n\t\t<\/div>\n\t\t\t\t\t\t\t\t<\/div>\n\t\t\t\t\t<\/div>\n\t\t<\/section>\n\t\t\t\t<section class=\"elementor-section elementor-top-section elementor-element elementor-element-b84d60d elementor-section-boxed elementor-section-height-default elementor-section-height-default\" data-id=\"b84d60d\" data-element_type=\"section\">\n\t\t\t\t\t\t<div class=\"elementor-container elementor-column-gap-default\">\n\t\t\t\t\t\t\t<div class=\"elementor-row\">\n\t\t\t\t\t<div class=\"elementor-column elementor-col-100 elementor-top-column elementor-element elementor-element-cbd8a9d\" data-id=\"cbd8a9d\" data-element_type=\"column\">\n\t\t\t<div class=\"elementor-column-wrap elementor-element-populated\">\n\t\t\t\t\t\t\t<div class=\"elementor-widget-wrap\">\n\t\t\t\t\t\t<div class=\"elementor-element elementor-element-9067bbc elementor-widget elementor-widget-heading\" data-id=\"9067bbc\" data-element_type=\"widget\" data-widget_type=\"heading.default\">\n\t\t\t\t<div class=\"elementor-widget-container\">\n\t\t\t<h5 class=\"elementor-heading-title elementor-size-default\">Profil d\u2019entr\u00e9e\/Pr\u00e9requis \u00e0 la formation\/Conditions d'admission:<\/h5>\t\t<\/div>\n\t\t\t\t<\/div>\n\t\t\t\t\t\t<\/div>\n\t\t\t\t\t<\/div>\n\t\t<\/div>\n\t\t\t\t\t\t\t\t<\/div>\n\t\t\t\t\t<\/div>\n\t\t<\/section>\n\t\t\t\t<section class=\"elementor-section elementor-top-section elementor-element elementor-element-706c51c elementor-section-boxed elementor-section-height-default elementor-section-height-default\" data-id=\"706c51c\" data-element_type=\"section\" data-settings=\"{&quot;background_background&quot;:&quot;classic&quot;}\">\n\t\t\t\t\t\t<div class=\"elementor-container elementor-column-gap-wide\">\n\t\t\t\t\t\t\t<div class=\"elementor-row\">\n\t\t\t\t\t<div class=\"elementor-column elementor-col-50 elementor-top-column elementor-element elementor-element-8a965e6\" data-id=\"8a965e6\" data-element_type=\"column\">\n\t\t\t<div class=\"elementor-column-wrap elementor-element-populated\">\n\t\t\t\t\t\t\t<div class=\"elementor-widget-wrap\">\n\t\t\t\t\t\t<div class=\"elementor-element elementor-element-5032456 elementor-widget elementor-widget-heading\" data-id=\"5032456\" data-element_type=\"widget\" data-widget_type=\"heading.default\">\n\t\t\t\t<div class=\"elementor-widget-container\">\n\t\t\t<h3 class=\"elementor-heading-title elementor-size-default\">Les conditions d\u2019acc\u00e8s \u00e0 la formation sont l\u2019ensemble des conditions, circonstances ou exigences (ex: qualification, niveau d\u2019\u00e9tudes, comp\u00e9tences ou exp\u00e9rience professionnelle, \u00e2ge, etc.) qui d\u00e9terminent l\u2019admission des candidats dans les \u00e9tablissements d\u2019enseignement et de formation et leur participation aux programmes d'\u00e9tudes.<\/h3>\t\t<\/div>\n\t\t\t\t<\/div>\n\t\t\t\t\t\t<\/div>\n\t\t\t\t\t<\/div>\n\t\t<\/div>\n\t\t\t\t<div class=\"elementor-column elementor-col-50 elementor-top-column elementor-element elementor-element-bd5a128\" data-id=\"bd5a128\" data-element_type=\"column\">\n\t\t\t<div class=\"elementor-column-wrap elementor-element-populated\">\n\t\t\t\t\t\t\t<div class=\"elementor-widget-wrap\">\n\t\t\t\t\t\t<div class=\"elementor-element elementor-element-8de8aff elementor-widget elementor-widget-image\" data-id=\"8de8aff\" data-element_type=\"widget\" data-widget_type=\"image.default\">\n\t\t\t\t<div class=\"elementor-widget-container\">\n\t\t\t\t\t\t\t\t<div class=\"elementor-image\">\n\t\t\t\t\t\t\t\t\t\t\t\t<img loading=\"lazy\" decoding=\"async\" width=\"2560\" height=\"1707\" src=\"https:\/\/ltsm.education\/wp-content\/uploads\/2021\/07\/top-view-laptop-with-stethoscope-scaled.jpg\" class=\"attachment-full size-full\" alt=\"\" srcset=\"https:\/\/ltsm.education\/wp-content\/uploads\/2021\/07\/top-view-laptop-with-stethoscope-scaled.jpg 2560w, https:\/\/ltsm.education\/wp-content\/uploads\/2021\/07\/top-view-laptop-with-stethoscope-300x200.jpg 300w, https:\/\/ltsm.education\/wp-content\/uploads\/2021\/07\/top-view-laptop-with-stethoscope-1024x683.jpg 1024w, https:\/\/ltsm.education\/wp-content\/uploads\/2021\/07\/top-view-laptop-with-stethoscope-768x512.jpg 768w, https:\/\/ltsm.education\/wp-content\/uploads\/2021\/07\/top-view-laptop-with-stethoscope-1536x1024.jpg 1536w, https:\/\/ltsm.education\/wp-content\/uploads\/2021\/07\/top-view-laptop-with-stethoscope-2048x1365.jpg 2048w\" sizes=\"auto, (max-width: 2560px) 100vw, 2560px\" \/>\t\t\t\t\t\t\t\t\t\t\t\t\t\t<\/div>\n\t\t\t\t\t\t<\/div>\n\t\t\t\t<\/div>\n\t\t\t\t\t\t<\/div>\n\t\t\t\t\t<\/div>\n\t\t<\/div>\n\t\t\t\t\t\t\t\t<\/div>\n\t\t\t\t\t<\/div>\n\t\t<\/section>\n\t\t\t\t<section class=\"elementor-section elementor-top-section elementor-element elementor-element-113f028 elementor-section-boxed elementor-section-height-default elementor-section-height-default\" data-id=\"113f028\" data-element_type=\"section\">\n\t\t\t\t\t\t<div class=\"elementor-container elementor-column-gap-default\">\n\t\t\t\t\t\t\t<div class=\"elementor-row\">\n\t\t\t\t\t<div class=\"elementor-column elementor-col-100 elementor-top-column elementor-element elementor-element-0d59a84\" data-id=\"0d59a84\" data-element_type=\"column\">\n\t\t\t<div class=\"elementor-column-wrap elementor-element-populated\">\n\t\t\t\t\t\t\t<div class=\"elementor-widget-wrap\">\n\t\t\t\t\t\t<div class=\"elementor-element elementor-element-fe9efdc elementor-widget elementor-widget-spacer\" data-id=\"fe9efdc\" data-element_type=\"widget\" data-widget_type=\"spacer.default\">\n\t\t\t\t<div class=\"elementor-widget-container\">\n\t\t\t\t\t<div class=\"elementor-spacer\">\n\t\t\t<div class=\"elementor-spacer-inner\"><\/div>\n\t\t<\/div>\n\t\t\t\t<\/div>\n\t\t\t\t<\/div>\n\t\t\t\t\t\t<\/div>\n\t\t\t\t\t<\/div>\n\t\t<\/div>\n\t\t\t\t\t\t\t\t<\/div>\n\t\t\t\t\t<\/div>\n\t\t<\/section>\n\t\t\t\t<section class=\"elementor-section elementor-top-section elementor-element elementor-element-15e54e8 elementor-section-boxed elementor-section-height-default elementor-section-height-default\" data-id=\"15e54e8\" data-element_type=\"section\">\n\t\t\t\t\t\t<div class=\"elementor-container elementor-column-gap-wide\">\n\t\t\t\t\t\t\t<div class=\"elementor-row\">\n\t\t\t\t\t<div class=\"elementor-column elementor-col-50 elementor-top-column elementor-element elementor-element-55cf666\" data-id=\"55cf666\" data-element_type=\"column\">\n\t\t\t<div class=\"elementor-column-wrap elementor-element-populated\">\n\t\t\t\t\t\t\t<div class=\"elementor-widget-wrap\">\n\t\t\t\t\t\t<div class=\"elementor-element elementor-element-c941642 elementor-widget elementor-widget-image\" data-id=\"c941642\" data-element_type=\"widget\" data-widget_type=\"image.default\">\n\t\t\t\t<div class=\"elementor-widget-container\">\n\t\t\t\t\t\t\t\t<div class=\"elementor-image\">\n\t\t\t\t\t\t\t\t\t\t\t\t<img loading=\"lazy\" decoding=\"async\" width=\"900\" height=\"600\" src=\"https:\/\/ltsm.education\/wp-content\/uploads\/2021\/07\/technician-repairing-computer-motherboard-with-screwdriver-1024x683.jpg\" class=\"attachment-large size-large\" alt=\"\" srcset=\"https:\/\/ltsm.education\/wp-content\/uploads\/2021\/07\/technician-repairing-computer-motherboard-with-screwdriver-1024x683.jpg 1024w, https:\/\/ltsm.education\/wp-content\/uploads\/2021\/07\/technician-repairing-computer-motherboard-with-screwdriver-300x200.jpg 300w, https:\/\/ltsm.education\/wp-content\/uploads\/2021\/07\/technician-repairing-computer-motherboard-with-screwdriver-768x513.jpg 768w, https:\/\/ltsm.education\/wp-content\/uploads\/2021\/07\/technician-repairing-computer-motherboard-with-screwdriver-1536x1025.jpg 1536w, https:\/\/ltsm.education\/wp-content\/uploads\/2021\/07\/technician-repairing-computer-motherboard-with-screwdriver-2048x1367.jpg 2048w\" sizes=\"auto, (max-width: 900px) 100vw, 900px\" \/>\t\t\t\t\t\t\t\t\t\t\t\t\t\t<\/div>\n\t\t\t\t\t\t<\/div>\n\t\t\t\t<\/div>\n\t\t\t\t\t\t<\/div>\n\t\t\t\t\t<\/div>\n\t\t<\/div>\n\t\t\t\t<div class=\"elementor-column elementor-col-50 elementor-top-column elementor-element elementor-element-058dd40\" data-id=\"058dd40\" data-element_type=\"column\">\n\t\t\t<div class=\"elementor-column-wrap elementor-element-populated\">\n\t\t\t\t\t\t\t<div class=\"elementor-widget-wrap\">\n\t\t\t\t\t\t<div class=\"elementor-element elementor-element-5dab5c6 elementor-widget elementor-widget-heading\" data-id=\"5dab5c6\" data-element_type=\"widget\" data-widget_type=\"heading.default\">\n\t\t\t\t<div class=\"elementor-widget-container\">\n\t\t\t<h3 class=\"elementor-heading-title elementor-size-default\">Ainsi, pour acc\u00e9der \u00e0 la formation du Technicien en  informatique de maintenance, le candidat doit avoir r\u00e9ussi  la 9i\u00e8me ann\u00e9e de l'\u00e9cole fondamentale (CEF\/certificat d\u2019enseignement fondamental). Le d\u00e9tenteur d\u2019un dipl\u00f4me de niveau A3 technique pourrait \u00e9galement \u00eatre admissible \u00e0 ce programme. En g\u00e9n\u00e9ral, c'est une commission du minist\u00e8re de l\u2019\u00e9ducation nationale, de l\u2019enseignement sup\u00e9rieur et de la recherche scientifique qui proc\u00e8de \u00e0 l'orientation des candidats dans les diff\u00e9rentes sections de l'enseignement technique.<\/h3>\t\t<\/div>\n\t\t\t\t<\/div>\n\t\t\t\t\t\t<\/div>\n\t\t\t\t\t<\/div>\n\t\t<\/div>\n\t\t\t\t\t\t\t\t<\/div>\n\t\t\t\t\t<\/div>\n\t\t<\/section>\n\t\t\t\t\t\t<\/div>\n\t\t\t\t\t\t<\/div>\n\t\t\t\t\t<\/div>\n\t\t","protected":false},"excerpt":{"rendered":"<p>Informatique de maintenance L\u2019informatique de maintenance est le domaine de d\u00e9pannage, d&#8217;entretien et d&#8217;installation d&#8217;\u00e9quipements ou de parcs des \u00e9quipements informatiques ou bureautiques (mat\u00e9riels, logiciels, r\u00e9seaux,&#8230;), selon les r\u00e8gles de s\u00e9curit\u00e9 et la r\u00e9glementation. L\u2019informatique de maintenance appara\u00eet comme une branche de l\u2019informatique qui s\u2019occupe du d\u00e9pannage, de l&#8217;entretien et de l&#8217;installation d&#8217;\u00e9quipements ou de [&hellip;]<\/p>\n","protected":false},"author":1,"featured_media":0,"parent":0,"menu_order":0,"comment_status":"closed","ping_status":"closed","template":"elementor_header_footer","meta":{"footnotes":""},"class_list":["post-744","page","type-page","status-publish","hentry"],"_links":{"self":[{"href":"https:\/\/ltsm.education\/index.php?rest_route=\/wp\/v2\/pages\/744","targetHints":{"allow":["GET"]}}],"collection":[{"href":"https:\/\/ltsm.education\/index.php?rest_route=\/wp\/v2\/pages"}],"about":[{"href":"https:\/\/ltsm.education\/index.php?rest_route=\/wp\/v2\/types\/page"}],"author":[{"embeddable":true,"href":"https:\/\/ltsm.education\/index.php?rest_route=\/wp\/v2\/users\/1"}],"replies":[{"embeddable":true,"href":"https:\/\/ltsm.education\/index.php?rest_route=%2Fwp%2Fv2%2Fcomments&post=744"}],"version-history":[{"count":31,"href":"https:\/\/ltsm.education\/index.php?rest_route=\/wp\/v2\/pages\/744\/revisions"}],"predecessor-version":[{"id":825,"href":"https:\/\/ltsm.education\/index.php?rest_route=\/wp\/v2\/pages\/744\/revisions\/825"}],"wp:attachment":[{"href":"https:\/\/ltsm.education\/index.php?rest_route=%2Fwp%2Fv2%2Fmedia&parent=744"}],"curies":[{"name":"wp","href":"https:\/\/api.w.org\/{rel}","templated":true}]}}