{"id":786,"date":"2021-07-21T11:26:19","date_gmt":"2021-07-21T11:26:19","guid":{"rendered":"https:\/\/ltsm.education\/?page_id=786"},"modified":"2023-08-17T07:06:55","modified_gmt":"2023-08-17T07:06:55","slug":"informatique-de-des-telecommunications","status":"publish","type":"page","link":"https:\/\/ltsm.education\/?page_id=786","title":{"rendered":"Informatique de t\u00e9l\u00e9communications"},"content":{"rendered":"\t\t<div data-elementor-type=\"wp-page\" data-elementor-id=\"786\" class=\"elementor elementor-786\" data-elementor-settings=\"[]\">\n\t\t\t\t\t\t<div class=\"elementor-inner\">\n\t\t\t\t\t\t\t<div class=\"elementor-section-wrap\">\n\t\t\t\t\t\t\t<section class=\"elementor-section elementor-top-section elementor-element elementor-element-b84d60d elementor-section-boxed elementor-section-height-default elementor-section-height-default\" data-id=\"b84d60d\" data-element_type=\"section\">\n\t\t\t\t\t\t<div class=\"elementor-container elementor-column-gap-default\">\n\t\t\t\t\t\t\t<div class=\"elementor-row\">\n\t\t\t\t\t<div class=\"elementor-column elementor-col-100 elementor-top-column elementor-element elementor-element-cbd8a9d\" data-id=\"cbd8a9d\" data-element_type=\"column\">\n\t\t\t<div class=\"elementor-column-wrap elementor-element-populated\">\n\t\t\t\t\t\t\t<div class=\"elementor-widget-wrap\">\n\t\t\t\t\t\t<div class=\"elementor-element elementor-element-724749c elementor-widget elementor-widget-heading\" data-id=\"724749c\" data-element_type=\"widget\" data-widget_type=\"heading.default\">\n\t\t\t\t<div class=\"elementor-widget-container\">\n\t\t\t<h3 class=\"elementor-heading-title elementor-size-default\">Informatique de t\u00e9l\u00e9communications\n<\/h3>\t\t<\/div>\n\t\t\t\t<\/div>\n\t\t\t\t\t\t<\/div>\n\t\t\t\t\t<\/div>\n\t\t<\/div>\n\t\t\t\t\t\t\t\t<\/div>\n\t\t\t\t\t<\/div>\n\t\t<\/section>\n\t\t\t\t<section class=\"elementor-section elementor-top-section elementor-element elementor-element-706c51c elementor-section-boxed elementor-section-height-default elementor-section-height-default\" data-id=\"706c51c\" data-element_type=\"section\" data-settings=\"{&quot;background_background&quot;:&quot;classic&quot;}\">\n\t\t\t\t\t\t<div class=\"elementor-container elementor-column-gap-wide\">\n\t\t\t\t\t\t\t<div class=\"elementor-row\">\n\t\t\t\t\t<div class=\"elementor-column elementor-col-50 elementor-top-column elementor-element elementor-element-8a965e6\" data-id=\"8a965e6\" data-element_type=\"column\">\n\t\t\t<div class=\"elementor-column-wrap elementor-element-populated\">\n\t\t\t\t\t\t\t<div class=\"elementor-widget-wrap\">\n\t\t\t\t\t\t<div class=\"elementor-element elementor-element-7c7d9bd elementor-widget elementor-widget-heading\" data-id=\"7c7d9bd\" data-element_type=\"widget\" data-widget_type=\"heading.default\">\n\t\t\t\t<div class=\"elementor-widget-container\">\n\t\t\t<h3 class=\"elementor-heading-title elementor-size-default\">Principales activit\u00e9s.<\/h3>\t\t<\/div>\n\t\t\t\t<\/div>\n\t\t\t\t<div class=\"elementor-element elementor-element-9067bbc elementor-widget elementor-widget-heading\" data-id=\"9067bbc\" data-element_type=\"widget\" data-widget_type=\"heading.default\">\n\t\t\t\t<div class=\"elementor-widget-container\">\n\t\t\t<h5 class=\"elementor-heading-title elementor-size-default\">Dans le contexte burundais, le Technicien en informatique des t\u00e9l\u00e9communications de niveau A2 s\u2019occupe principalement des activit\u00e9s suivantes\u00a0:<\/h5>\t\t<\/div>\n\t\t\t\t<\/div>\n\t\t\t\t<div class=\"elementor-element elementor-element-c33a383 elementor-icon-list--layout-traditional elementor-list-item-link-full_width elementor-widget elementor-widget-icon-list\" data-id=\"c33a383\" data-element_type=\"widget\" data-widget_type=\"icon-list.default\">\n\t\t\t\t<div class=\"elementor-widget-container\">\n\t\t\t\t\t<ul class=\"elementor-icon-list-items\">\n\t\t\t\t\t\t\t<li class=\"elementor-icon-list-item\">\n\t\t\t\t\t\t\t\t\t\t\t<span class=\"elementor-icon-list-icon\">\n\t\t\t\t\t\t\t<i aria-hidden=\"true\" class=\"fas fa-check\"><\/i>\t\t\t\t\t\t<\/span>\n\t\t\t\t\t\t\t\t\t\t<span class=\"elementor-icon-list-text\">R\u00e9aliser le plan d\u2019adressage.<\/span>\n\t\t\t\t\t\t\t\t\t<\/li>\n\t\t\t\t\t\t\t\t<li class=\"elementor-icon-list-item\">\n\t\t\t\t\t\t\t\t\t\t\t<span class=\"elementor-icon-list-icon\">\n\t\t\t\t\t\t\t<i aria-hidden=\"true\" class=\"fas fa-check\"><\/i>\t\t\t\t\t\t<\/span>\n\t\t\t\t\t\t\t\t\t\t<span class=\"elementor-icon-list-text\">Construire les infrastructures de r\u00e9seau informatique et leurs \u00e9quipements.<\/span>\n\t\t\t\t\t\t\t\t\t<\/li>\n\t\t\t\t\t\t\t\t<li class=\"elementor-icon-list-item\">\n\t\t\t\t\t\t\t\t\t\t\t<span class=\"elementor-icon-list-icon\">\n\t\t\t\t\t\t\t<i aria-hidden=\"true\" class=\"fas fa-check\"><\/i>\t\t\t\t\t\t<\/span>\n\t\t\t\t\t\t\t\t\t\t<span class=\"elementor-icon-list-text\">Construire les infrastructures des \u00e9quipements de  t\u00e9l\u00e9communications et d\u2019audio-visuels.<\/span>\n\t\t\t\t\t\t\t\t\t<\/li>\n\t\t\t\t\t\t<\/ul>\n\t\t\t\t<\/div>\n\t\t\t\t<\/div>\n\t\t\t\t\t\t<\/div>\n\t\t\t\t\t<\/div>\n\t\t<\/div>\n\t\t\t\t<div class=\"elementor-column elementor-col-50 elementor-top-column elementor-element elementor-element-bd5a128\" data-id=\"bd5a128\" data-element_type=\"column\">\n\t\t\t<div class=\"elementor-column-wrap elementor-element-populated\">\n\t\t\t\t\t\t\t<div class=\"elementor-widget-wrap\">\n\t\t\t\t\t\t<div class=\"elementor-element elementor-element-8de8aff elementor-widget elementor-widget-image\" data-id=\"8de8aff\" data-element_type=\"widget\" data-widget_type=\"image.default\">\n\t\t\t\t<div class=\"elementor-widget-container\">\n\t\t\t\t\t\t\t\t<div class=\"elementor-image\">\n\t\t\t\t\t\t\t\t\t\t\t\t<img loading=\"lazy\" decoding=\"async\" width=\"1280\" height=\"854\" src=\"https:\/\/ltsm.education\/wp-content\/uploads\/2021\/07\/28031608807001afkthzklfxc5rvdmjea2ezfsfy0texnnx7ionz8qzvzxcnhnllvxnt9r1hffuzkfjcaqi1hlzjzyn4uofwy8qn48co3oytlkezin.jpg\" class=\"attachment-full size-full\" alt=\"\" srcset=\"https:\/\/ltsm.education\/wp-content\/uploads\/2021\/07\/28031608807001afkthzklfxc5rvdmjea2ezfsfy0texnnx7ionz8qzvzxcnhnllvxnt9r1hffuzkfjcaqi1hlzjzyn4uofwy8qn48co3oytlkezin.jpg 1280w, https:\/\/ltsm.education\/wp-content\/uploads\/2021\/07\/28031608807001afkthzklfxc5rvdmjea2ezfsfy0texnnx7ionz8qzvzxcnhnllvxnt9r1hffuzkfjcaqi1hlzjzyn4uofwy8qn48co3oytlkezin-300x200.jpg 300w, https:\/\/ltsm.education\/wp-content\/uploads\/2021\/07\/28031608807001afkthzklfxc5rvdmjea2ezfsfy0texnnx7ionz8qzvzxcnhnllvxnt9r1hffuzkfjcaqi1hlzjzyn4uofwy8qn48co3oytlkezin-1024x683.jpg 1024w, https:\/\/ltsm.education\/wp-content\/uploads\/2021\/07\/28031608807001afkthzklfxc5rvdmjea2ezfsfy0texnnx7ionz8qzvzxcnhnllvxnt9r1hffuzkfjcaqi1hlzjzyn4uofwy8qn48co3oytlkezin-768x512.jpg 768w\" sizes=\"auto, (max-width: 1280px) 100vw, 1280px\" \/>\t\t\t\t\t\t\t\t\t\t\t\t\t\t<\/div>\n\t\t\t\t\t\t<\/div>\n\t\t\t\t<\/div>\n\t\t\t\t\t\t<\/div>\n\t\t\t\t\t<\/div>\n\t\t<\/div>\n\t\t\t\t\t\t\t\t<\/div>\n\t\t\t\t\t<\/div>\n\t\t<\/section>\n\t\t\t\t<section class=\"elementor-section elementor-top-section elementor-element elementor-element-113f028 elementor-section-boxed elementor-section-height-default elementor-section-height-default\" data-id=\"113f028\" data-element_type=\"section\">\n\t\t\t\t\t\t<div class=\"elementor-container elementor-column-gap-default\">\n\t\t\t\t\t\t\t<div class=\"elementor-row\">\n\t\t\t\t\t<div class=\"elementor-column elementor-col-100 elementor-top-column elementor-element elementor-element-0d59a84\" data-id=\"0d59a84\" data-element_type=\"column\">\n\t\t\t<div class=\"elementor-column-wrap elementor-element-populated\">\n\t\t\t\t\t\t\t<div class=\"elementor-widget-wrap\">\n\t\t\t\t\t\t<div class=\"elementor-element elementor-element-fe9efdc elementor-widget elementor-widget-spacer\" data-id=\"fe9efdc\" data-element_type=\"widget\" data-widget_type=\"spacer.default\">\n\t\t\t\t<div class=\"elementor-widget-container\">\n\t\t\t\t\t<div class=\"elementor-spacer\">\n\t\t\t<div class=\"elementor-spacer-inner\"><\/div>\n\t\t<\/div>\n\t\t\t\t<\/div>\n\t\t\t\t<\/div>\n\t\t\t\t\t\t<\/div>\n\t\t\t\t\t<\/div>\n\t\t<\/div>\n\t\t\t\t\t\t\t\t<\/div>\n\t\t\t\t\t<\/div>\n\t\t<\/section>\n\t\t\t\t<section class=\"elementor-section elementor-top-section elementor-element elementor-element-15e54e8 elementor-section-boxed elementor-section-height-default elementor-section-height-default\" data-id=\"15e54e8\" data-element_type=\"section\">\n\t\t\t\t\t\t<div class=\"elementor-container elementor-column-gap-wide\">\n\t\t\t\t\t\t\t<div class=\"elementor-row\">\n\t\t\t\t\t<div class=\"elementor-column elementor-col-50 elementor-top-column elementor-element elementor-element-55cf666\" data-id=\"55cf666\" data-element_type=\"column\">\n\t\t\t<div class=\"elementor-column-wrap elementor-element-populated\">\n\t\t\t\t\t\t\t<div class=\"elementor-widget-wrap\">\n\t\t\t\t\t\t<div class=\"elementor-element elementor-element-c941642 elementor-widget elementor-widget-image\" data-id=\"c941642\" data-element_type=\"widget\" data-widget_type=\"image.default\">\n\t\t\t\t<div class=\"elementor-widget-container\">\n\t\t\t\t\t\t\t\t<div class=\"elementor-image\">\n\t\t\t\t\t\t\t\t\t\t\t\t<img loading=\"lazy\" decoding=\"async\" width=\"900\" height=\"600\" src=\"https:\/\/ltsm.education\/wp-content\/uploads\/2021\/07\/28031608806818lfetiduthgcno8th48h7ryqfzgsrbd5tdhd3zjipwqo0rueu3v2vs4ovxfoe9nzeqptkvermmrjiagaqcwbggpbmakufwqou9bje-1024x683.jpg\" class=\"attachment-large size-large\" alt=\"\" srcset=\"https:\/\/ltsm.education\/wp-content\/uploads\/2021\/07\/28031608806818lfetiduthgcno8th48h7ryqfzgsrbd5tdhd3zjipwqo0rueu3v2vs4ovxfoe9nzeqptkvermmrjiagaqcwbggpbmakufwqou9bje-1024x683.jpg 1024w, https:\/\/ltsm.education\/wp-content\/uploads\/2021\/07\/28031608806818lfetiduthgcno8th48h7ryqfzgsrbd5tdhd3zjipwqo0rueu3v2vs4ovxfoe9nzeqptkvermmrjiagaqcwbggpbmakufwqou9bje-300x200.jpg 300w, https:\/\/ltsm.education\/wp-content\/uploads\/2021\/07\/28031608806818lfetiduthgcno8th48h7ryqfzgsrbd5tdhd3zjipwqo0rueu3v2vs4ovxfoe9nzeqptkvermmrjiagaqcwbggpbmakufwqou9bje-768x512.jpg 768w, https:\/\/ltsm.education\/wp-content\/uploads\/2021\/07\/28031608806818lfetiduthgcno8th48h7ryqfzgsrbd5tdhd3zjipwqo0rueu3v2vs4ovxfoe9nzeqptkvermmrjiagaqcwbggpbmakufwqou9bje.jpg 1280w\" sizes=\"auto, (max-width: 900px) 100vw, 900px\" \/>\t\t\t\t\t\t\t\t\t\t\t\t\t\t<\/div>\n\t\t\t\t\t\t<\/div>\n\t\t\t\t<\/div>\n\t\t\t\t\t\t<\/div>\n\t\t\t\t\t<\/div>\n\t\t<\/div>\n\t\t\t\t<div class=\"elementor-column elementor-col-50 elementor-top-column elementor-element elementor-element-058dd40\" data-id=\"058dd40\" data-element_type=\"column\">\n\t\t\t<div class=\"elementor-column-wrap elementor-element-populated\">\n\t\t\t\t\t\t\t<div class=\"elementor-widget-wrap\">\n\t\t\t\t\t\t<div class=\"elementor-element elementor-element-8fc645a elementor-icon-list--layout-traditional elementor-list-item-link-full_width elementor-widget elementor-widget-icon-list\" data-id=\"8fc645a\" data-element_type=\"widget\" data-widget_type=\"icon-list.default\">\n\t\t\t\t<div class=\"elementor-widget-container\">\n\t\t\t\t\t<ul class=\"elementor-icon-list-items\">\n\t\t\t\t\t\t\t<li class=\"elementor-icon-list-item\">\n\t\t\t\t\t\t\t\t\t\t\t<span class=\"elementor-icon-list-icon\">\n\t\t\t\t\t\t\t<i aria-hidden=\"true\" class=\"fas fa-check\"><\/i>\t\t\t\t\t\t<\/span>\n\t\t\t\t\t\t\t\t\t\t<span class=\"elementor-icon-list-text\">R\u00e9aliser le plan d\u2019adressage et  Configurer la carte \u00e9lectronique.<\/span>\n\t\t\t\t\t\t\t\t\t<\/li>\n\t\t\t\t\t\t\t\t<li class=\"elementor-icon-list-item\">\n\t\t\t\t\t\t\t\t\t\t\t<span class=\"elementor-icon-list-icon\">\n\t\t\t\t\t\t\t<i aria-hidden=\"true\" class=\"fas fa-check\"><\/i>\t\t\t\t\t\t<\/span>\n\t\t\t\t\t\t\t\t\t\t<span class=\"elementor-icon-list-text\">Exploiter les \u00e9quipements informatiques et leurs r\u00e9seaux.<\/span>\n\t\t\t\t\t\t\t\t\t<\/li>\n\t\t\t\t\t\t\t\t<li class=\"elementor-icon-list-item\">\n\t\t\t\t\t\t\t\t\t\t\t<span class=\"elementor-icon-list-icon\">\n\t\t\t\t\t\t\t<i aria-hidden=\"true\" class=\"fas fa-check\"><\/i>\t\t\t\t\t\t<\/span>\n\t\t\t\t\t\t\t\t\t\t<span class=\"elementor-icon-list-text\">Exploiter les \u00e9quipements de t\u00e9l\u00e9communication et d\u2019audiovisuels.<\/span>\n\t\t\t\t\t\t\t\t\t<\/li>\n\t\t\t\t\t\t\t\t<li class=\"elementor-icon-list-item\">\n\t\t\t\t\t\t\t\t\t\t\t<span class=\"elementor-icon-list-icon\">\n\t\t\t\t\t\t\t<i aria-hidden=\"true\" class=\"fas fa-check\"><\/i>\t\t\t\t\t\t<\/span>\n\t\t\t\t\t\t\t\t\t\t<span class=\"elementor-icon-list-text\">Cr\u00e9er un site Web.<\/span>\n\t\t\t\t\t\t\t\t\t<\/li>\n\t\t\t\t\t\t\t\t<li class=\"elementor-icon-list-item\">\n\t\t\t\t\t\t\t\t\t\t\t<span class=\"elementor-icon-list-icon\">\n\t\t\t\t\t\t\t<i aria-hidden=\"true\" class=\"fas fa-check\"><\/i>\t\t\t\t\t\t<\/span>\n\t\t\t\t\t\t\t\t\t\t<span class=\"elementor-icon-list-text\">Prendre le son\/image.<\/span>\n\t\t\t\t\t\t\t\t\t<\/li>\n\t\t\t\t\t\t<\/ul>\n\t\t\t\t<\/div>\n\t\t\t\t<\/div>\n\t\t\t\t\t\t<\/div>\n\t\t\t\t\t<\/div>\n\t\t<\/div>\n\t\t\t\t\t\t\t\t<\/div>\n\t\t\t\t\t<\/div>\n\t\t<\/section>\n\t\t\t\t<section class=\"elementor-section elementor-top-section elementor-element elementor-element-41a326a elementor-section-boxed elementor-section-height-default elementor-section-height-default\" data-id=\"41a326a\" data-element_type=\"section\">\n\t\t\t\t\t\t<div class=\"elementor-container elementor-column-gap-default\">\n\t\t\t\t\t\t\t<div class=\"elementor-row\">\n\t\t\t\t\t<div class=\"elementor-column elementor-col-100 elementor-top-column elementor-element elementor-element-336607f\" data-id=\"336607f\" data-element_type=\"column\">\n\t\t\t<div class=\"elementor-column-wrap elementor-element-populated\">\n\t\t\t\t\t\t\t<div class=\"elementor-widget-wrap\">\n\t\t\t\t\t\t<div class=\"elementor-element elementor-element-3acef89 elementor-widget elementor-widget-spacer\" data-id=\"3acef89\" data-element_type=\"widget\" data-widget_type=\"spacer.default\">\n\t\t\t\t<div class=\"elementor-widget-container\">\n\t\t\t\t\t<div class=\"elementor-spacer\">\n\t\t\t<div class=\"elementor-spacer-inner\"><\/div>\n\t\t<\/div>\n\t\t\t\t<\/div>\n\t\t\t\t<\/div>\n\t\t\t\t\t\t<\/div>\n\t\t\t\t\t<\/div>\n\t\t<\/div>\n\t\t\t\t\t\t\t\t<\/div>\n\t\t\t\t\t<\/div>\n\t\t<\/section>\n\t\t\t\t<section class=\"elementor-section elementor-top-section elementor-element elementor-element-2d2f975 elementor-section-boxed elementor-section-height-default elementor-section-height-default\" data-id=\"2d2f975\" data-element_type=\"section\">\n\t\t\t\t\t\t<div class=\"elementor-container elementor-column-gap-wide\">\n\t\t\t\t\t\t\t<div class=\"elementor-row\">\n\t\t\t\t\t<div class=\"elementor-column elementor-col-50 elementor-top-column elementor-element elementor-element-054e8a0\" data-id=\"054e8a0\" data-element_type=\"column\">\n\t\t\t<div class=\"elementor-column-wrap elementor-element-populated\">\n\t\t\t\t\t\t\t<div class=\"elementor-widget-wrap\">\n\t\t\t\t\t\t<div class=\"elementor-element elementor-element-7262bda elementor-icon-list--layout-traditional elementor-list-item-link-full_width elementor-widget elementor-widget-icon-list\" data-id=\"7262bda\" data-element_type=\"widget\" data-widget_type=\"icon-list.default\">\n\t\t\t\t<div class=\"elementor-widget-container\">\n\t\t\t\t\t<ul class=\"elementor-icon-list-items\">\n\t\t\t\t\t\t\t<li class=\"elementor-icon-list-item\">\n\t\t\t\t\t\t\t\t\t\t\t<span class=\"elementor-icon-list-icon\">\n\t\t\t\t\t\t\t<i aria-hidden=\"true\" class=\"fas fa-check\"><\/i>\t\t\t\t\t\t<\/span>\n\t\t\t\t\t\t\t\t\t\t<span class=\"elementor-icon-list-text\">Traiter l\u2019image\/son.<\/span>\n\t\t\t\t\t\t\t\t\t<\/li>\n\t\t\t\t\t\t\t\t<li class=\"elementor-icon-list-item\">\n\t\t\t\t\t\t\t\t\t\t\t<span class=\"elementor-icon-list-icon\">\n\t\t\t\t\t\t\t<i aria-hidden=\"true\" class=\"fas fa-check\"><\/i>\t\t\t\t\t\t<\/span>\n\t\t\t\t\t\t\t\t\t\t<span class=\"elementor-icon-list-text\">Concevoir un projet.<\/span>\n\t\t\t\t\t\t\t\t\t<\/li>\n\t\t\t\t\t\t\t\t<li class=\"elementor-icon-list-item\">\n\t\t\t\t\t\t\t\t\t\t\t<span class=\"elementor-icon-list-icon\">\n\t\t\t\t\t\t\t<i aria-hidden=\"true\" class=\"fas fa-check\"><\/i>\t\t\t\t\t\t<\/span>\n\t\t\t\t\t\t\t\t\t\t<span class=\"elementor-icon-list-text\">Dimensionner l\u2019installation.<\/span>\n\t\t\t\t\t\t\t\t\t<\/li>\n\t\t\t\t\t\t\t\t<li class=\"elementor-icon-list-item\">\n\t\t\t\t\t\t\t\t\t\t\t<span class=\"elementor-icon-list-icon\">\n\t\t\t\t\t\t\t<i aria-hidden=\"true\" class=\"fas fa-check\"><\/i>\t\t\t\t\t\t<\/span>\n\t\t\t\t\t\t\t\t\t\t<span class=\"elementor-icon-list-text\">Lire et interpr\u00e9ter les sch\u00e9mas et les catalogues des \u00e9quipements.<\/span>\n\t\t\t\t\t\t\t\t\t<\/li>\n\t\t\t\t\t\t\t\t<li class=\"elementor-icon-list-item\">\n\t\t\t\t\t\t\t\t\t\t\t<span class=\"elementor-icon-list-icon\">\n\t\t\t\t\t\t\t<i aria-hidden=\"true\" class=\"fas fa-check\"><\/i>\t\t\t\t\t\t<\/span>\n\t\t\t\t\t\t\t\t\t\t<span class=\"elementor-icon-list-text\">G\u00e9rer une entreprise<\/span>\n\t\t\t\t\t\t\t\t\t<\/li>\n\t\t\t\t\t\t\t\t<li class=\"elementor-icon-list-item\">\n\t\t\t\t\t\t\t\t\t\t\t<span class=\"elementor-icon-list-icon\">\n\t\t\t\t\t\t\t<i aria-hidden=\"true\" class=\"fas fa-check\"><\/i>\t\t\t\t\t\t<\/span>\n\t\t\t\t\t\t\t\t\t\t<span class=\"elementor-icon-list-text\">R\u00e9diger un rapport<\/span>\n\t\t\t\t\t\t\t\t\t<\/li>\n\t\t\t\t\t\t<\/ul>\n\t\t\t\t<\/div>\n\t\t\t\t<\/div>\n\t\t\t\t\t\t<\/div>\n\t\t\t\t\t<\/div>\n\t\t<\/div>\n\t\t\t\t<div class=\"elementor-column elementor-col-50 elementor-top-column elementor-element elementor-element-a6c212c\" data-id=\"a6c212c\" data-element_type=\"column\">\n\t\t\t<div class=\"elementor-column-wrap elementor-element-populated\">\n\t\t\t\t\t\t\t<div class=\"elementor-widget-wrap\">\n\t\t\t\t\t\t<div class=\"elementor-element elementor-element-a2d3085 elementor-widget elementor-widget-image\" data-id=\"a2d3085\" data-element_type=\"widget\" data-widget_type=\"image.default\">\n\t\t\t\t<div class=\"elementor-widget-container\">\n\t\t\t\t\t\t\t\t<div class=\"elementor-image\">\n\t\t\t\t\t\t\t\t\t\t\t\t<img loading=\"lazy\" decoding=\"async\" width=\"900\" height=\"600\" src=\"https:\/\/ltsm.education\/wp-content\/uploads\/2021\/07\/28031608865786aqllqdtmysgldspbtflej8qoho2rfw0g4w3dokdds9qhb9idrdi1paget2eeps70bhvzjfebcv93amzwysyity6hkpemcvkfej5r-1024x683.jpg\" class=\"attachment-large size-large\" alt=\"\" srcset=\"https:\/\/ltsm.education\/wp-content\/uploads\/2021\/07\/28031608865786aqllqdtmysgldspbtflej8qoho2rfw0g4w3dokdds9qhb9idrdi1paget2eeps70bhvzjfebcv93amzwysyity6hkpemcvkfej5r-1024x683.jpg 1024w, https:\/\/ltsm.education\/wp-content\/uploads\/2021\/07\/28031608865786aqllqdtmysgldspbtflej8qoho2rfw0g4w3dokdds9qhb9idrdi1paget2eeps70bhvzjfebcv93amzwysyity6hkpemcvkfej5r-300x200.jpg 300w, https:\/\/ltsm.education\/wp-content\/uploads\/2021\/07\/28031608865786aqllqdtmysgldspbtflej8qoho2rfw0g4w3dokdds9qhb9idrdi1paget2eeps70bhvzjfebcv93amzwysyity6hkpemcvkfej5r-768x512.jpg 768w, https:\/\/ltsm.education\/wp-content\/uploads\/2021\/07\/28031608865786aqllqdtmysgldspbtflej8qoho2rfw0g4w3dokdds9qhb9idrdi1paget2eeps70bhvzjfebcv93amzwysyity6hkpemcvkfej5r.jpg 1280w\" sizes=\"auto, (max-width: 900px) 100vw, 900px\" \/>\t\t\t\t\t\t\t\t\t\t\t\t\t\t<\/div>\n\t\t\t\t\t\t<\/div>\n\t\t\t\t<\/div>\n\t\t\t\t\t\t<\/div>\n\t\t\t\t\t<\/div>\n\t\t<\/div>\n\t\t\t\t\t\t\t\t<\/div>\n\t\t\t\t\t<\/div>\n\t\t<\/section>\n\t\t\t\t<section class=\"elementor-section elementor-top-section elementor-element elementor-element-0763418 elementor-section-boxed elementor-section-height-default elementor-section-height-default\" data-id=\"0763418\" data-element_type=\"section\">\n\t\t\t\t\t\t<div class=\"elementor-container elementor-column-gap-default\">\n\t\t\t\t\t\t\t<div class=\"elementor-row\">\n\t\t\t\t\t<div class=\"elementor-column elementor-col-100 elementor-top-column elementor-element elementor-element-fdd4e73\" data-id=\"fdd4e73\" data-element_type=\"column\">\n\t\t\t<div class=\"elementor-column-wrap elementor-element-populated\">\n\t\t\t\t\t\t\t<div class=\"elementor-widget-wrap\">\n\t\t\t\t\t\t<div class=\"elementor-element elementor-element-66db633 elementor-widget elementor-widget-spacer\" data-id=\"66db633\" data-element_type=\"widget\" data-widget_type=\"spacer.default\">\n\t\t\t\t<div class=\"elementor-widget-container\">\n\t\t\t\t\t<div class=\"elementor-spacer\">\n\t\t\t<div class=\"elementor-spacer-inner\"><\/div>\n\t\t<\/div>\n\t\t\t\t<\/div>\n\t\t\t\t<\/div>\n\t\t\t\t\t\t<\/div>\n\t\t\t\t\t<\/div>\n\t\t<\/div>\n\t\t\t\t\t\t\t\t<\/div>\n\t\t\t\t\t<\/div>\n\t\t<\/section>\n\t\t\t\t<section class=\"elementor-section elementor-top-section elementor-element elementor-element-2cd7a7b bdt-particles-yes elementor-section-boxed elementor-section-height-default elementor-section-height-default\" data-id=\"2cd7a7b\" data-element_type=\"section\">\n\t\t\t\t\t\t\t<div class=\"elementor-background-overlay\"><\/div>\n\t\t\t\t\t\t\t<div class=\"elementor-container elementor-column-gap-wide\">\n\t\t\t\t\t\t\t<div class=\"elementor-row\">\n\t\t\t\t\t<div class=\"elementor-column elementor-col-50 elementor-top-column elementor-element elementor-element-6692a60\" data-id=\"6692a60\" data-element_type=\"column\">\n\t\t\t<div class=\"elementor-column-wrap elementor-element-populated\">\n\t\t\t\t\t\t\t<div class=\"elementor-widget-wrap\">\n\t\t\t\t\t\t<div class=\"elementor-element elementor-element-94ac97b elementor-widget elementor-widget-image\" data-id=\"94ac97b\" data-element_type=\"widget\" data-widget_type=\"image.default\">\n\t\t\t\t<div class=\"elementor-widget-container\">\n\t\t\t\t\t\t\t\t<div class=\"elementor-image\">\n\t\t\t\t\t\t\t\t\t\t\t\t<img loading=\"lazy\" decoding=\"async\" width=\"1280\" height=\"853\" src=\"https:\/\/ltsm.education\/wp-content\/uploads\/2021\/07\/27721609545512oxykjrsrxiytcd2j1i7rlnd6gpnbuzviuxsvdzpnbimpqkoi4g5tb6zt0odxfxs2ku9iir1r8wuzdn8tknvqaooqauop11aq8vlz.jpg\" class=\"attachment-full size-full\" alt=\"\" srcset=\"https:\/\/ltsm.education\/wp-content\/uploads\/2021\/07\/27721609545512oxykjrsrxiytcd2j1i7rlnd6gpnbuzviuxsvdzpnbimpqkoi4g5tb6zt0odxfxs2ku9iir1r8wuzdn8tknvqaooqauop11aq8vlz.jpg 1280w, https:\/\/ltsm.education\/wp-content\/uploads\/2021\/07\/27721609545512oxykjrsrxiytcd2j1i7rlnd6gpnbuzviuxsvdzpnbimpqkoi4g5tb6zt0odxfxs2ku9iir1r8wuzdn8tknvqaooqauop11aq8vlz-300x200.jpg 300w, https:\/\/ltsm.education\/wp-content\/uploads\/2021\/07\/27721609545512oxykjrsrxiytcd2j1i7rlnd6gpnbuzviuxsvdzpnbimpqkoi4g5tb6zt0odxfxs2ku9iir1r8wuzdn8tknvqaooqauop11aq8vlz-1024x682.jpg 1024w, https:\/\/ltsm.education\/wp-content\/uploads\/2021\/07\/27721609545512oxykjrsrxiytcd2j1i7rlnd6gpnbuzviuxsvdzpnbimpqkoi4g5tb6zt0odxfxs2ku9iir1r8wuzdn8tknvqaooqauop11aq8vlz-768x512.jpg 768w\" sizes=\"auto, (max-width: 1280px) 100vw, 1280px\" \/>\t\t\t\t\t\t\t\t\t\t\t\t\t\t<\/div>\n\t\t\t\t\t\t<\/div>\n\t\t\t\t<\/div>\n\t\t\t\t\t\t<\/div>\n\t\t\t\t\t<\/div>\n\t\t<\/div>\n\t\t\t\t<div class=\"elementor-column elementor-col-50 elementor-top-column elementor-element elementor-element-7dabc71\" data-id=\"7dabc71\" data-element_type=\"column\">\n\t\t\t<div class=\"elementor-column-wrap elementor-element-populated\">\n\t\t\t\t\t\t\t<div class=\"elementor-widget-wrap\">\n\t\t\t\t\t\t<div class=\"elementor-element elementor-element-dccf4c1 elementor-widget elementor-widget-heading\" data-id=\"dccf4c1\" data-element_type=\"widget\" data-widget_type=\"heading.default\">\n\t\t\t\t<div class=\"elementor-widget-container\">\n\t\t\t<h3 class=\"elementor-heading-title elementor-size-default\">Profil d\u2019entr\u00e9e - Pr\u00e9requis \u00e0 la formation - Conditions d'admission:<\/h3>\t\t<\/div>\n\t\t\t\t<\/div>\n\t\t\t\t<div class=\"elementor-element elementor-element-f0d4f72 elementor-widget elementor-widget-heading\" data-id=\"f0d4f72\" data-element_type=\"widget\" data-widget_type=\"heading.default\">\n\t\t\t\t<div class=\"elementor-widget-container\">\n\t\t\t<h3 class=\"elementor-heading-title elementor-size-default\">Pour acc\u00e9der \u00e0 la formation dans son ensemble il faut remplir certaines conditions (ex: qualification, niveau d\u2019\u00e9tudes, comp\u00e9tences ou exp\u00e9rience professionnelle, \u00e2ge, etc.) qui d\u00e9terminent l\u2019admission des candidats dans les \u00e9tablissements d\u2019enseignement et de formation. \nAinsi, pour acc\u00e9der \u00e0 la formation du Technicien Agronome A2, le candidat doit avoir r\u00e9ussi au concours de la 9i\u00e8me ann\u00e9e de l\u2019\u00e9cole fondamentale (CEF : certificat d\u2019enseignement  fondamental). \nEn g\u00e9n\u00e9ral, c'est une commission du Minist\u00e8re de l\u2019Education, de l\u2019Enseignement Sup\u00e9rieur et de la Recherche Scientifique qui proc\u00e8de \u00e0 l'orientation des candidats dans les diff\u00e9rentes sections de l'enseignement technique.<\/h3>\t\t<\/div>\n\t\t\t\t<\/div>\n\t\t\t\t\t\t<\/div>\n\t\t\t\t\t<\/div>\n\t\t<\/div>\n\t\t\t\t\t\t\t\t<\/div>\n\t\t\t\t\t<\/div>\n\t\t<\/section>\n\t\t\t\t\t\t<\/div>\n\t\t\t\t\t\t<\/div>\n\t\t\t\t\t<\/div>\n\t\t","protected":false},"excerpt":{"rendered":"<p>Informatique de t\u00e9l\u00e9communications Principales activit\u00e9s. Dans le contexte burundais, le Technicien en informatique des t\u00e9l\u00e9communications de niveau A2 s\u2019occupe principalement des activit\u00e9s suivantes\u00a0: R\u00e9aliser le plan d\u2019adressage. Construire les infrastructures de r\u00e9seau informatique et leurs \u00e9quipements. Construire les infrastructures des \u00e9quipements de t\u00e9l\u00e9communications et d\u2019audio-visuels. R\u00e9aliser le plan d\u2019adressage et Configurer la carte \u00e9lectronique. Exploiter [&hellip;]<\/p>\n","protected":false},"author":1,"featured_media":0,"parent":0,"menu_order":0,"comment_status":"closed","ping_status":"closed","template":"elementor_header_footer","meta":{"footnotes":""},"class_list":["post-786","page","type-page","status-publish","hentry"],"_links":{"self":[{"href":"https:\/\/ltsm.education\/index.php?rest_route=\/wp\/v2\/pages\/786","targetHints":{"allow":["GET"]}}],"collection":[{"href":"https:\/\/ltsm.education\/index.php?rest_route=\/wp\/v2\/pages"}],"about":[{"href":"https:\/\/ltsm.education\/index.php?rest_route=\/wp\/v2\/types\/page"}],"author":[{"embeddable":true,"href":"https:\/\/ltsm.education\/index.php?rest_route=\/wp\/v2\/users\/1"}],"replies":[{"embeddable":true,"href":"https:\/\/ltsm.education\/index.php?rest_route=%2Fwp%2Fv2%2Fcomments&post=786"}],"version-history":[{"count":23,"href":"https:\/\/ltsm.education\/index.php?rest_route=\/wp\/v2\/pages\/786\/revisions"}],"predecessor-version":[{"id":1457,"href":"https:\/\/ltsm.education\/index.php?rest_route=\/wp\/v2\/pages\/786\/revisions\/1457"}],"wp:attachment":[{"href":"https:\/\/ltsm.education\/index.php?rest_route=%2Fwp%2Fv2%2Fmedia&parent=786"}],"curies":[{"name":"wp","href":"https:\/\/api.w.org\/{rel}","templated":true}]}}