{"id":897,"date":"2021-07-23T22:03:43","date_gmt":"2021-07-23T22:03:43","guid":{"rendered":"https:\/\/ltsm.education\/?page_id=897"},"modified":"2021-07-23T22:59:53","modified_gmt":"2021-07-23T22:59:53","slug":"a-propos","status":"publish","type":"page","link":"https:\/\/ltsm.education\/?page_id=897","title":{"rendered":"\u00c0 Propos"},"content":{"rendered":"\t\t<div data-elementor-type=\"wp-page\" data-elementor-id=\"897\" class=\"elementor elementor-897\" data-elementor-settings=\"[]\">\n\t\t\t\t\t\t<div class=\"elementor-inner\">\n\t\t\t\t\t\t\t<div class=\"elementor-section-wrap\">\n\t\t\t\t\t\t\t<section class=\"elementor-section elementor-top-section elementor-element elementor-element-0e1a39e elementor-section-boxed elementor-section-height-default elementor-section-height-default\" data-id=\"0e1a39e\" data-element_type=\"section\">\n\t\t\t\t\t\t<div class=\"elementor-container elementor-column-gap-narrow\">\n\t\t\t\t\t\t\t<div class=\"elementor-row\">\n\t\t\t\t\t<div class=\"elementor-column elementor-col-50 elementor-top-column elementor-element elementor-element-21a03a0\" data-id=\"21a03a0\" data-element_type=\"column\">\n\t\t\t<div class=\"elementor-column-wrap elementor-element-populated\">\n\t\t\t\t\t\t\t<div class=\"elementor-widget-wrap\">\n\t\t\t\t\t\t<div class=\"elementor-element elementor-element-cad5b65 elementor-widget elementor-widget-heading\" data-id=\"cad5b65\" data-element_type=\"widget\" data-widget_type=\"heading.default\">\n\t\t\t\t<div class=\"elementor-widget-container\">\n\t\t\t<h2 class=\"elementor-heading-title elementor-size-default\">Notre Vision:<\/h2>\t\t<\/div>\n\t\t\t\t<\/div>\n\t\t\t\t<div class=\"elementor-element elementor-element-8fc1418 elementor-widget elementor-widget-text-editor\" data-id=\"8fc1418\" data-element_type=\"widget\" data-widget_type=\"text-editor.default\">\n\t\t\t\t<div class=\"elementor-widget-container\">\n\t\t\t\t\t\t\t\t<div class=\"elementor-text-editor elementor-clearfix\">\n\t\t\t\t\t<p>Notre vision est de changer la vie de nos \u00e9l\u00e8ves gr\u00e2ce \u00e0 une \u00e9ducation innovante et de\u00a0 rallier\u00a0 autour d&#8217;eux pour les conduire aussi loin que leurs r\u00eaves, leurs talents et leur r\u00e9silience les m\u00e8nent<\/p>\t\t\t\t\t<\/div>\n\t\t\t\t\t\t<\/div>\n\t\t\t\t<\/div>\n\t\t\t\t<div class=\"elementor-element elementor-element-72297e3 elementor-widget elementor-widget-heading\" data-id=\"72297e3\" data-element_type=\"widget\" data-widget_type=\"heading.default\">\n\t\t\t\t<div class=\"elementor-widget-container\">\n\t\t\t<h2 class=\"elementor-heading-title elementor-size-default\">Notre mission:<\/h2>\t\t<\/div>\n\t\t\t\t<\/div>\n\t\t\t\t<div class=\"elementor-element elementor-element-4571587 elementor-widget elementor-widget-text-editor\" data-id=\"4571587\" data-element_type=\"widget\" data-widget_type=\"text-editor.default\">\n\t\t\t\t<div class=\"elementor-widget-container\">\n\t\t\t\t\t\t\t\t<div class=\"elementor-text-editor elementor-clearfix\">\n\t\t\t\t\t<p>Former des jeunes avec un esprit cr\u00e9atif et actif , un esprit de compr\u00e9hension et de compassion pour les autres, et le courage d\u2019agir selon leurs convictions .<br \/>Nous insistons sur le d\u00e9veloppement de chaque \u00e9tudiant du point de vue spirituel, moral, intellectuel , social, \u00e9motionnel et physique.<\/p>\t\t\t\t\t<\/div>\n\t\t\t\t\t\t<\/div>\n\t\t\t\t<\/div>\n\t\t\t\t\t\t<\/div>\n\t\t\t\t\t<\/div>\n\t\t<\/div>\n\t\t\t\t<div class=\"elementor-column elementor-col-50 elementor-top-column elementor-element elementor-element-6f2f728\" data-id=\"6f2f728\" data-element_type=\"column\">\n\t\t\t<div class=\"elementor-column-wrap elementor-element-populated\">\n\t\t\t\t\t\t\t<div class=\"elementor-widget-wrap\">\n\t\t\t\t\t\t<div class=\"elementor-element elementor-element-60f3263 elementor-widget elementor-widget-image\" data-id=\"60f3263\" data-element_type=\"widget\" data-widget_type=\"image.default\">\n\t\t\t\t<div class=\"elementor-widget-container\">\n\t\t\t\t\t\t\t\t<div class=\"elementor-image\">\n\t\t\t\t\t\t\t\t\t\t\t\t<img loading=\"lazy\" decoding=\"async\" width=\"900\" height=\"599\" src=\"https:\/\/ltsm.education\/wp-content\/uploads\/2021\/07\/high-res-0307-21592073316dy0x4du7gnl6vq02nalfxdxm4qyjw9ii5xtslx2oscsoktwfxaimlawdoaj0adz8xtsnoidp7ciyusjoae5lkl44hygpwsyy8amk-1024x682.jpg\" class=\"attachment-large size-large\" alt=\"\" srcset=\"https:\/\/ltsm.education\/wp-content\/uploads\/2021\/07\/high-res-0307-21592073316dy0x4du7gnl6vq02nalfxdxm4qyjw9ii5xtslx2oscsoktwfxaimlawdoaj0adz8xtsnoidp7ciyusjoae5lkl44hygpwsyy8amk-1024x682.jpg 1024w, https:\/\/ltsm.education\/wp-content\/uploads\/2021\/07\/high-res-0307-21592073316dy0x4du7gnl6vq02nalfxdxm4qyjw9ii5xtslx2oscsoktwfxaimlawdoaj0adz8xtsnoidp7ciyusjoae5lkl44hygpwsyy8amk-300x200.jpg 300w, https:\/\/ltsm.education\/wp-content\/uploads\/2021\/07\/high-res-0307-21592073316dy0x4du7gnl6vq02nalfxdxm4qyjw9ii5xtslx2oscsoktwfxaimlawdoaj0adz8xtsnoidp7ciyusjoae5lkl44hygpwsyy8amk-768x512.jpg 768w, https:\/\/ltsm.education\/wp-content\/uploads\/2021\/07\/high-res-0307-21592073316dy0x4du7gnl6vq02nalfxdxm4qyjw9ii5xtslx2oscsoktwfxaimlawdoaj0adz8xtsnoidp7ciyusjoae5lkl44hygpwsyy8amk.jpg 1280w\" sizes=\"auto, (max-width: 900px) 100vw, 900px\" \/>\t\t\t\t\t\t\t\t\t\t\t\t\t\t<\/div>\n\t\t\t\t\t\t<\/div>\n\t\t\t\t<\/div>\n\t\t\t\t\t\t<\/div>\n\t\t\t\t\t<\/div>\n\t\t<\/div>\n\t\t\t\t\t\t\t\t<\/div>\n\t\t\t\t\t<\/div>\n\t\t<\/section>\n\t\t\t\t<section class=\"elementor-section elementor-top-section elementor-element elementor-element-9529691 elementor-section-boxed elementor-section-height-default elementor-section-height-default\" data-id=\"9529691\" data-element_type=\"section\">\n\t\t\t\t\t\t<div class=\"elementor-container elementor-column-gap-default\">\n\t\t\t\t\t\t\t<div class=\"elementor-row\">\n\t\t\t\t\t<div class=\"elementor-column elementor-col-100 elementor-top-column elementor-element elementor-element-9025dce\" data-id=\"9025dce\" data-element_type=\"column\">\n\t\t\t<div class=\"elementor-column-wrap elementor-element-populated\">\n\t\t\t\t\t\t\t<div class=\"elementor-widget-wrap\">\n\t\t\t\t\t\t<div class=\"elementor-element elementor-element-0c774a1 elementor-widget elementor-widget-spacer\" data-id=\"0c774a1\" data-element_type=\"widget\" data-widget_type=\"spacer.default\">\n\t\t\t\t<div class=\"elementor-widget-container\">\n\t\t\t\t\t<div class=\"elementor-spacer\">\n\t\t\t<div class=\"elementor-spacer-inner\"><\/div>\n\t\t<\/div>\n\t\t\t\t<\/div>\n\t\t\t\t<\/div>\n\t\t\t\t\t\t<\/div>\n\t\t\t\t\t<\/div>\n\t\t<\/div>\n\t\t\t\t\t\t\t\t<\/div>\n\t\t\t\t\t<\/div>\n\t\t<\/section>\n\t\t\t\t<section class=\"elementor-section elementor-top-section elementor-element elementor-element-6935370 elementor-section-boxed elementor-section-height-default elementor-section-height-default\" data-id=\"6935370\" data-element_type=\"section\">\n\t\t\t\t\t\t<div class=\"elementor-container elementor-column-gap-narrow\">\n\t\t\t\t\t\t\t<div class=\"elementor-row\">\n\t\t\t\t\t<div class=\"elementor-column elementor-col-50 elementor-top-column elementor-element elementor-element-36c21ad\" data-id=\"36c21ad\" data-element_type=\"column\">\n\t\t\t<div class=\"elementor-column-wrap elementor-element-populated\">\n\t\t\t\t\t\t\t<div class=\"elementor-widget-wrap\">\n\t\t\t\t\t\t<div class=\"elementor-element elementor-element-60b2bbb elementor-widget elementor-widget-image\" data-id=\"60b2bbb\" data-element_type=\"widget\" data-widget_type=\"image.default\">\n\t\t\t\t<div class=\"elementor-widget-container\">\n\t\t\t\t\t\t\t\t<div class=\"elementor-image\">\n\t\t\t\t\t\t\t\t\t\t\t\t<img loading=\"lazy\" decoding=\"async\" width=\"900\" height=\"599\" src=\"https:\/\/ltsm.education\/wp-content\/uploads\/2021\/07\/333-1024x681.jpg\" class=\"attachment-large size-large\" alt=\"\" srcset=\"https:\/\/ltsm.education\/wp-content\/uploads\/2021\/07\/333-1024x681.jpg 1024w, https:\/\/ltsm.education\/wp-content\/uploads\/2021\/07\/333-300x200.jpg 300w, https:\/\/ltsm.education\/wp-content\/uploads\/2021\/07\/333-768x511.jpg 768w, https:\/\/ltsm.education\/wp-content\/uploads\/2021\/07\/333-1536x1022.jpg 1536w, https:\/\/ltsm.education\/wp-content\/uploads\/2021\/07\/333-2048x1363.jpg 2048w\" sizes=\"auto, (max-width: 900px) 100vw, 900px\" \/>\t\t\t\t\t\t\t\t\t\t\t\t\t\t<\/div>\n\t\t\t\t\t\t<\/div>\n\t\t\t\t<\/div>\n\t\t\t\t\t\t<\/div>\n\t\t\t\t\t<\/div>\n\t\t<\/div>\n\t\t\t\t<div class=\"elementor-column elementor-col-50 elementor-top-column elementor-element elementor-element-debc109\" data-id=\"debc109\" data-element_type=\"column\">\n\t\t\t<div class=\"elementor-column-wrap elementor-element-populated\">\n\t\t\t\t\t\t\t<div class=\"elementor-widget-wrap\">\n\t\t\t\t\t\t<div class=\"elementor-element elementor-element-25b43ab elementor-widget elementor-widget-text-editor\" data-id=\"25b43ab\" data-element_type=\"widget\" data-widget_type=\"text-editor.default\">\n\t\t\t\t<div class=\"elementor-widget-container\">\n\t\t\t\t\t\t\t\t<div class=\"elementor-text-editor elementor-clearfix\">\n\t\t\t\t\t<p>Les objectifs de d\u00e9veloppement durable nous donnent la marche \u00e0 suivre pour parvenir \u00e0 un avenir meilleur et plus durable pour tous. Ils r\u00e9pondent aux d\u00e9fis mondiaux auxquels nous sommes confront\u00e9s, notamment ceux li\u00e9s \u00e0 la pauvret\u00e9, L\u2019\u00e9ducation, aux in\u00e9galit\u00e9s, au climat, \u00e0 la d\u00e9gradation de l\u2019environnement, \u00e0 la prosp\u00e9rit\u00e9.<\/p><p>A partir du 4eme objectif de d\u00e9veloppement durable notre mission consiste \u00e0 assurer l\u2019acc\u00e8s de tous \u00e0 une \u00e9ducation de qualit\u00e9, sur un pied d\u2019\u00e9galit\u00e9, et promouvoir les possibilit\u00e9s d\u2019apprentissage tout au long de la vie La Lyc\u00e9e Technique Sainte\u00a0Marie au Burundi s\u2019organise autour d\u2019un projet \u00e9ducatif visant \u00e0 d\u00e9velopper les valeurs de respect, d\u2019ouverture, de dialogue, de solidarit\u00e9, de savoir-faire .<\/p>\t\t\t\t\t<\/div>\n\t\t\t\t\t\t<\/div>\n\t\t\t\t<\/div>\n\t\t\t\t\t\t<\/div>\n\t\t\t\t\t<\/div>\n\t\t<\/div>\n\t\t\t\t\t\t\t\t<\/div>\n\t\t\t\t\t<\/div>\n\t\t<\/section>\n\t\t\t\t<section class=\"elementor-section elementor-top-section elementor-element elementor-element-b163a9f elementor-section-boxed elementor-section-height-default elementor-section-height-default\" data-id=\"b163a9f\" data-element_type=\"section\">\n\t\t\t\t\t\t<div class=\"elementor-container elementor-column-gap-default\">\n\t\t\t\t\t\t\t<div class=\"elementor-row\">\n\t\t\t\t\t<div class=\"elementor-column elementor-col-100 elementor-top-column elementor-element elementor-element-0b1c473\" data-id=\"0b1c473\" data-element_type=\"column\">\n\t\t\t<div class=\"elementor-column-wrap elementor-element-populated\">\n\t\t\t\t\t\t\t<div class=\"elementor-widget-wrap\">\n\t\t\t\t\t\t<div class=\"elementor-element elementor-element-a11dacf elementor-widget elementor-widget-spacer\" data-id=\"a11dacf\" data-element_type=\"widget\" data-widget_type=\"spacer.default\">\n\t\t\t\t<div class=\"elementor-widget-container\">\n\t\t\t\t\t<div class=\"elementor-spacer\">\n\t\t\t<div class=\"elementor-spacer-inner\"><\/div>\n\t\t<\/div>\n\t\t\t\t<\/div>\n\t\t\t\t<\/div>\n\t\t\t\t\t\t<\/div>\n\t\t\t\t\t<\/div>\n\t\t<\/div>\n\t\t\t\t\t\t\t\t<\/div>\n\t\t\t\t\t<\/div>\n\t\t<\/section>\n\t\t\t\t<section class=\"elementor-section elementor-top-section elementor-element elementor-element-2f42adf elementor-section-boxed elementor-section-height-default elementor-section-height-default\" data-id=\"2f42adf\" data-element_type=\"section\" data-settings=\"{&quot;background_background&quot;:&quot;classic&quot;}\">\n\t\t\t\t\t\t\t<div class=\"elementor-background-overlay\"><\/div>\n\t\t\t\t\t\t\t<div class=\"elementor-container elementor-column-gap-default\">\n\t\t\t\t\t\t\t<div class=\"elementor-row\">\n\t\t\t\t\t<div class=\"elementor-column elementor-col-50 elementor-top-column elementor-element elementor-element-505c1c0\" data-id=\"505c1c0\" data-element_type=\"column\">\n\t\t\t<div class=\"elementor-column-wrap elementor-element-populated\">\n\t\t\t\t\t\t\t<div class=\"elementor-widget-wrap\">\n\t\t\t\t\t\t<div class=\"elementor-element elementor-element-fb38b0f elementor-icon-list--layout-traditional elementor-list-item-link-full_width elementor-widget elementor-widget-icon-list\" data-id=\"fb38b0f\" data-element_type=\"widget\" data-widget_type=\"icon-list.default\">\n\t\t\t\t<div class=\"elementor-widget-container\">\n\t\t\t\t\t<ul class=\"elementor-icon-list-items\">\n\t\t\t\t\t\t\t<li class=\"elementor-icon-list-item\">\n\t\t\t\t\t\t\t\t\t\t\t<span class=\"elementor-icon-list-icon\">\n\t\t\t\t\t\t\t<i aria-hidden=\"true\" class=\"fas fa-check\"><\/i>\t\t\t\t\t\t<\/span>\n\t\t\t\t\t\t\t\t\t\t<span class=\"elementor-icon-list-text\">De former une main d'\u0153uvre qualifi\u00e9e, en nombre suffisant, compatible avec les besoins de l'\u00e9conomie communautaire et nationale \u00bb pour le d\u00e9veloppement du pays et pour l\u2019int\u00e9r\u00eat personnel de l\u2019\u00e9tudiant.<\/span>\n\t\t\t\t\t\t\t\t\t<\/li>\n\t\t\t\t\t\t\t\t<li class=\"elementor-icon-list-item\">\n\t\t\t\t\t\t\t\t\t\t\t<span class=\"elementor-icon-list-icon\">\n\t\t\t\t\t\t\t<i aria-hidden=\"true\" class=\"fas fa-check\"><\/i>\t\t\t\t\t\t<\/span>\n\t\t\t\t\t\t\t\t\t\t<span class=\"elementor-icon-list-text\">En fonction de ses moyens et de ses capacit\u00e9s, La lyc\u00e9e Technique Sainte Marie accueillera chaque jeune pour l\u2019aider \u00e0 identifier, d\u00e9velopper et approfondir ses possibilit\u00e9s et ses richesses sur une base de technologie qui lui permet de gagner une comp\u00e9tence technique \u00e9lev\u00e9e \u00e0 partir des laboratoires bien \u00e9quip\u00e9s qui lui permettra de gagner les comp\u00e9tences techniques n\u00e9cessaires. <\/span>\n\t\t\t\t\t\t\t\t\t<\/li>\n\t\t\t\t\t\t\t\t<li class=\"elementor-icon-list-item\">\n\t\t\t\t\t\t\t\t\t\t\t<span class=\"elementor-icon-list-icon\">\n\t\t\t\t\t\t\t<i aria-hidden=\"true\" class=\"fas fa-check\"><\/i>\t\t\t\t\t\t<\/span>\n\t\t\t\t\t\t\t\t\t\t<span class=\"elementor-icon-list-text\">Lyc\u00e9e Technique Sainte Marie fait partie int\u00e9grante de la soci\u00e9t\u00e9 et forme les acteurs citoyens de demain. Elle sensibilise chacun aux \u00e9v\u00e8nements qui surviennent autour de lui et encourage l\u2019\u00e9mergence d\u2019une soci\u00e9t\u00e9 multiculturelle, respectueuse des plus vuln\u00e9rables et des r\u00e8gles d\u00e9mocratiques o\u00f9 l\u2019\u00e9panouissement de chacun est une r\u00e9alit\u00e9. Ce faisant, Lyc\u00e9e Technique Sainte Marie \u00e9veille chaque \u00e9l\u00e8ve sur ses obligations et devoirs en tant que citoyen d\u2019une soci\u00e9t\u00e9 respectueuse des droits humains.<\/span>\n\t\t\t\t\t\t\t\t\t<\/li>\n\t\t\t\t\t\t<\/ul>\n\t\t\t\t<\/div>\n\t\t\t\t<\/div>\n\t\t\t\t\t\t<\/div>\n\t\t\t\t\t<\/div>\n\t\t<\/div>\n\t\t\t\t<div class=\"elementor-column elementor-col-50 elementor-top-column elementor-element elementor-element-c47779d\" data-id=\"c47779d\" data-element_type=\"column\">\n\t\t\t<div class=\"elementor-column-wrap elementor-element-populated\">\n\t\t\t\t\t\t\t<div class=\"elementor-widget-wrap\">\n\t\t\t\t\t\t<div class=\"elementor-element elementor-element-e88d446 elementor-icon-list--layout-traditional elementor-list-item-link-full_width elementor-widget elementor-widget-icon-list\" data-id=\"e88d446\" data-element_type=\"widget\" data-widget_type=\"icon-list.default\">\n\t\t\t\t<div class=\"elementor-widget-container\">\n\t\t\t\t\t<ul class=\"elementor-icon-list-items\">\n\t\t\t\t\t\t\t<li class=\"elementor-icon-list-item\">\n\t\t\t\t\t\t\t\t\t\t\t<span class=\"elementor-icon-list-icon\">\n\t\t\t\t\t\t\t<i aria-hidden=\"true\" class=\"fas fa-check\"><\/i>\t\t\t\t\t\t<\/span>\n\t\t\t\t\t\t\t\t\t\t<span class=\"elementor-icon-list-text\">Pour permettre \u00e0 chacun de s\u2019\u00e9panouir, Lyc\u00e9e Technique Sainte Marie s\u2019identifie comme un lieu d\u2019apprentissage d\u2019un savoir, d\u2019un savoir-faire et d\u2019un savoir \u00eatre. Dans cette optique, chaque \u00e9l\u00e8ve, parent, directeur, professeur, \u00e9ducateur et tout autre membre de la communaut\u00e9 \u00e9ducative s\u2019engage \u00e0 s\u2019am\u00e9liorer quotidiennement un programme de stage qui permet d\u2019avoir des entraineurs bien qualifient.<\/span>\n\t\t\t\t\t\t\t\t\t<\/li>\n\t\t\t\t\t\t\t\t<li class=\"elementor-icon-list-item\">\n\t\t\t\t\t\t\t\t\t\t\t<span class=\"elementor-icon-list-icon\">\n\t\t\t\t\t\t\t<i aria-hidden=\"true\" class=\"fas fa-check\"><\/i>\t\t\t\t\t\t<\/span>\n\t\t\t\t\t\t\t\t\t\t<span class=\"elementor-icon-list-text\">Le savoir se base sur les programmes du Minist\u00e8re de L\u2019\u00e9ducation de Burundi.<\/span>\n\t\t\t\t\t\t\t\t\t<\/li>\n\t\t\t\t\t\t\t\t<li class=\"elementor-icon-list-item\">\n\t\t\t\t\t\t\t\t\t\t\t<span class=\"elementor-icon-list-icon\">\n\t\t\t\t\t\t\t<i aria-hidden=\"true\" class=\"fas fa-check\"><\/i>\t\t\t\t\t\t<\/span>\n\t\t\t\t\t\t\t\t\t\t<span class=\"elementor-icon-list-text\">En addition de la connaissance technique, concentrer aussi bien sur le savoir \u00eatre, n\u00e9cessitant de d\u00e9velopper une s\u00e9rie d\u2019attitudes : l\u2019\u00e9panouissement physique, le d\u00e9veloppement intellectuel, la curiosit\u00e9 du savoir, l\u2019esprit critique, le sens de l\u2019effort et du travail bien fait, l\u2019aptitude \u00e0 travailler en groupe et \u00e0 prendre des responsabilit\u00e9s et enfin, le sens du service et du respect de soi, d\u2019autrui et du bien commun.<\/span>\n\t\t\t\t\t\t\t\t\t<\/li>\n\t\t\t\t\t\t\t\t<li class=\"elementor-icon-list-item\">\n\t\t\t\t\t\t\t\t\t\t\t<span class=\"elementor-icon-list-icon\">\n\t\t\t\t\t\t\t<i aria-hidden=\"true\" class=\"fas fa-check\"><\/i>\t\t\t\t\t\t<\/span>\n\t\t\t\t\t\t\t\t\t\t<span class=\"elementor-icon-list-text\">Partant du jeune et de sa richesse pour avoir une personnalit\u00e9 int\u00e9grale, l\u2019objectif final est de permettre \u00e0 chacun de devenir lui-m\u00eame : une personne adulte, libre, respectueuse de soi et d\u2019autrui, maitrisant sa connaissance professionnelle   , ouverte au dialogue, solidaire, capable de s\u2019engager, de poser des choix et de poursuivre avec succ\u00e8s des \u00e9tudes sup\u00e9rieures ou universitaires ou de s\u2019engager dans la vie professionnelle.<\/span>\n\t\t\t\t\t\t\t\t\t<\/li>\n\t\t\t\t\t\t<\/ul>\n\t\t\t\t<\/div>\n\t\t\t\t<\/div>\n\t\t\t\t\t\t<\/div>\n\t\t\t\t\t<\/div>\n\t\t<\/div>\n\t\t\t\t\t\t\t\t<\/div>\n\t\t\t\t\t<\/div>\n\t\t<\/section>\n\t\t\t\t<section class=\"elementor-section elementor-top-section elementor-element elementor-element-785bc8d elementor-section-boxed elementor-section-height-default elementor-section-height-default\" data-id=\"785bc8d\" data-element_type=\"section\">\n\t\t\t\t\t\t<div class=\"elementor-container elementor-column-gap-narrow\">\n\t\t\t\t\t\t\t<div class=\"elementor-row\">\n\t\t\t\t\t<div class=\"elementor-column elementor-col-50 elementor-top-column elementor-element elementor-element-064a767\" data-id=\"064a767\" data-element_type=\"column\">\n\t\t\t<div class=\"elementor-column-wrap elementor-element-populated\">\n\t\t\t\t\t\t\t<div class=\"elementor-widget-wrap\">\n\t\t\t\t\t\t<div class=\"elementor-element elementor-element-3deac48 elementor-widget elementor-widget-image\" data-id=\"3deac48\" data-element_type=\"widget\" data-widget_type=\"image.default\">\n\t\t\t\t<div class=\"elementor-widget-container\">\n\t\t\t\t\t\t\t\t<div class=\"elementor-image\">\n\t\t\t\t\t\t\t\t\t\t\t\t<img loading=\"lazy\" decoding=\"async\" width=\"900\" height=\"600\" src=\"https:\/\/ltsm.education\/wp-content\/uploads\/2021\/07\/12-1024x683.jpg\" class=\"attachment-large size-large\" alt=\"\" srcset=\"https:\/\/ltsm.education\/wp-content\/uploads\/2021\/07\/12-1024x683.jpg 1024w, https:\/\/ltsm.education\/wp-content\/uploads\/2021\/07\/12-300x200.jpg 300w, https:\/\/ltsm.education\/wp-content\/uploads\/2021\/07\/12-768x513.jpg 768w, https:\/\/ltsm.education\/wp-content\/uploads\/2021\/07\/12-1536x1025.jpg 1536w\" sizes=\"auto, (max-width: 900px) 100vw, 900px\" \/>\t\t\t\t\t\t\t\t\t\t\t\t\t\t<\/div>\n\t\t\t\t\t\t<\/div>\n\t\t\t\t<\/div>\n\t\t\t\t\t\t<\/div>\n\t\t\t\t\t<\/div>\n\t\t<\/div>\n\t\t\t\t<div class=\"elementor-column elementor-col-50 elementor-top-column elementor-element elementor-element-252ed83\" data-id=\"252ed83\" data-element_type=\"column\">\n\t\t\t<div class=\"elementor-column-wrap elementor-element-populated\">\n\t\t\t\t\t\t\t<div class=\"elementor-widget-wrap\">\n\t\t\t\t\t\t<div class=\"elementor-element elementor-element-dedb4d8 elementor-widget elementor-widget-text-editor\" data-id=\"dedb4d8\" data-element_type=\"widget\" data-widget_type=\"text-editor.default\">\n\t\t\t\t<div class=\"elementor-widget-container\">\n\t\t\t\t\t\t\t\t<div class=\"elementor-text-editor elementor-clearfix\">\n\t\t\t\t\t<p>Par ce projet, Lyc\u00e9e Technique Sainte Marie esp\u00e8re que ce projet sera d&#8217;une grande utilit\u00e9 pour les diff\u00e9rents parties,\u00a0\u00a0 en\u00a0 particulier\u00a0\u00a0 les \u00e9tudiants et les\u00a0 enseignants,\u00a0 et\u00a0 qu\u2019ils\u00a0\u00a0 contribueront\u00a0 \u00e0 am\u00e9liorer\u00a0\u00a0 l&#8217;acquisition\u00a0 des comp\u00e9tences des laur\u00e9ats en vue de faciliter leur socioprofessionnelle, leur auto-emploi ou leur acc\u00e8s aux \u00e9tudes sup\u00e9rieures.<\/p><p>A partir du 4eme objectif de d\u00e9veloppement durable notre mission consiste \u00e0 assurer l\u2019acc\u00e8s de tous \u00e0 une \u00e9ducation de qualit\u00e9, sur un pied d\u2019\u00e9galit\u00e9, et promouvoir les possibilit\u00e9s d\u2019apprentissage tout au long de la vie La Lyc\u00e9e Technique Sainte\u00a0Marie au Burundi s\u2019organise autour d\u2019un projet \u00e9ducatif visant \u00e0 d\u00e9velopper les valeurs de respect, d\u2019ouverture, de dialogue, de solidarit\u00e9, de savoir-faire .<\/p>\t\t\t\t\t<\/div>\n\t\t\t\t\t\t<\/div>\n\t\t\t\t<\/div>\n\t\t\t\t\t\t<\/div>\n\t\t\t\t\t<\/div>\n\t\t<\/div>\n\t\t\t\t\t\t\t\t<\/div>\n\t\t\t\t\t<\/div>\n\t\t<\/section>\n\t\t\t\t\t\t<\/div>\n\t\t\t\t\t\t<\/div>\n\t\t\t\t\t<\/div>\n\t\t","protected":false},"excerpt":{"rendered":"<p>Notre Vision: Notre vision est de changer la vie de nos \u00e9l\u00e8ves gr\u00e2ce \u00e0 une \u00e9ducation innovante et de\u00a0 rallier\u00a0 autour d&#8217;eux pour les conduire aussi loin que leurs r\u00eaves, leurs talents et leur r\u00e9silience les m\u00e8nent Notre mission: Former des jeunes avec un esprit cr\u00e9atif et actif , un esprit de compr\u00e9hension et de [&hellip;]<\/p>\n","protected":false},"author":1,"featured_media":0,"parent":0,"menu_order":0,"comment_status":"closed","ping_status":"closed","template":"elementor_header_footer","meta":{"footnotes":""},"class_list":["post-897","page","type-page","status-publish","hentry"],"_links":{"self":[{"href":"https:\/\/ltsm.education\/index.php?rest_route=\/wp\/v2\/pages\/897","targetHints":{"allow":["GET"]}}],"collection":[{"href":"https:\/\/ltsm.education\/index.php?rest_route=\/wp\/v2\/pages"}],"about":[{"href":"https:\/\/ltsm.education\/index.php?rest_route=\/wp\/v2\/types\/page"}],"author":[{"embeddable":true,"href":"https:\/\/ltsm.education\/index.php?rest_route=\/wp\/v2\/users\/1"}],"replies":[{"embeddable":true,"href":"https:\/\/ltsm.education\/index.php?rest_route=%2Fwp%2Fv2%2Fcomments&post=897"}],"version-history":[{"count":32,"href":"https:\/\/ltsm.education\/index.php?rest_route=\/wp\/v2\/pages\/897\/revisions"}],"predecessor-version":[{"id":938,"href":"https:\/\/ltsm.education\/index.php?rest_route=\/wp\/v2\/pages\/897\/revisions\/938"}],"wp:attachment":[{"href":"https:\/\/ltsm.education\/index.php?rest_route=%2Fwp%2Fv2%2Fmedia&parent=897"}],"curies":[{"name":"wp","href":"https:\/\/api.w.org\/{rel}","templated":true}]}}